{"id":16690,"date":"2022-03-18T22:10:33","date_gmt":"2022-03-18T21:10:33","guid":{"rendered":"https:\/\/www.paulroubier.com\/?page_id=16690"},"modified":"2022-05-06T21:25:59","modified_gmt":"2022-05-06T19:25:59","slug":"conditions-generales","status":"publish","type":"page","link":"https:\/\/www.paulroubier.com\/index.php\/conditions-generales\/","title":{"rendered":"Handicap et besoins particuliers"},"content":{"rendered":"<p>[vc_row css_animation=&#8221;&#8221; row_type=&#8221;row&#8221; use_row_as_full_screen_section=&#8221;no&#8221; type=&#8221;full_width&#8221; angled_section=&#8221;no&#8221; text_align=&#8221;left&#8221; background_image_as_pattern=&#8221;without_pattern&#8221;][vc_column][vc_column_text]<\/p>\n<h3><strong>Informations g\u00e9n\u00e9rales<\/strong><\/h3>\n<p>&nbsp;<\/p>\n<p style=\"text-align: justify;\"><span style=\"font-size: 11.0pt; text-transform: none; letter-spacing: 0pt; font-weight: normal;\">Le Centre Paul Roubier peut recevoir des stagiaires en situation de handicap. <\/span><\/p>\n<p style=\"text-align: justify;\"><span style=\"font-size: 11.0pt; text-transform: none; letter-spacing: 0pt; font-weight: normal;\">Les formations se d\u00e9roulent alors, si n\u00e9cessaire, dans le bureau d\u2019accueil PMR de la Chambre de commerce de Lyon, situ\u00e9 20, rue de la Bourse, 69002 Lyon. <\/span><\/p>\n<p style=\"text-align: justify;\"><span style=\"font-size: 11.0pt; text-transform: none; letter-spacing: 0pt; font-weight: normal;\">Une possibilit\u00e9 de suivi de formation en distanciel (via un logiciel de vid\u00e9oconf\u00e9rence \u2013 Zoom) et de fa\u00e7on synchrone et\/ou asynchrone peut \u00eatre mise en place le cas \u00e9ch\u00e9ant.<\/span><\/p>\n<p style=\"text-align: justify;\"><span style=\"font-size: 11.0pt; text-transform: none; letter-spacing: 0pt; font-weight: normal;\">Des emplacements de stationnement r\u00e9serv\u00e9s aux PMR se situent \u00e0 proximit\u00e9 de nos salles de formation. <\/span><\/p>\n<p style=\"text-align: justify;\"><span style=\"font-size: 11.0pt; text-transform: none; letter-spacing: 0pt; font-weight: normal;\">Si vous \u00eates en situation de handicap ou souhaitez des am\u00e9nagements particuliers, merci de contacter d\u00e8s que possible notre r\u00e9f\u00e9rent handicap, ou le secr\u00e9tariat du Centre pour \u00e9valuer ensemble vos besoins et voir quelles solutions sont envisageables pour vous accompagner ou vous orienter.<\/span><\/p>\n<p>&nbsp;<\/p>\n<h3><strong>R\u00e9f\u00e9rent handicap<\/strong><\/h3>\n<p>&nbsp;<\/p>\n<p style=\"text-align: justify;\"><span style=\"font-size: 11.0pt; text-transform: none; letter-spacing: 0pt; font-weight: normal;\">Notre r\u00e9f\u00e9rent handicap est M. Pascal Kamina, info@paulroubier.com<\/span><span style=\"font-size: 11.0pt; text-transform: none; letter-spacing: 0pt; font-weight: normal;\">. <\/span><\/p>\n<p>[\/vc_column_text][vc_empty_space][\/vc_column][\/vc_row]<\/p>\n","protected":false},"excerpt":{"rendered":"<p>[vc_row css_animation=&#8221;&#8221; row_type=&#8221;row&#8221; use_row_as_full_screen_section=&#8221;no&#8221; type=&#8221;full_width&#8221; angled_section=&#8221;no&#8221; text_align=&#8221;left&#8221; background_image_as_pattern=&#8221;without_pattern&#8221;][vc_column][vc_column_text] Informations g\u00e9n\u00e9rales &nbsp; Le Centre Paul Roubier peut recevoir des stagiaires en situation de handicap. Les formations se d\u00e9roulent alors, si n\u00e9cessaire, dans le bureau d\u2019accueil PMR de la Chambre de commerce de Lyon, situ\u00e9 20, rue&#8230;<\/p>\n","protected":false},"author":2,"featured_media":0,"parent":0,"menu_order":0,"comment_status":"closed","ping_status":"closed","template":"","meta":{"footnotes":""},"class_list":["post-16690","page","type-page","status-publish","hentry"],"_links":{"self":[{"href":"https:\/\/www.paulroubier.com\/index.php\/wp-json\/wp\/v2\/pages\/16690","targetHints":{"allow":["GET"]}}],"collection":[{"href":"https:\/\/www.paulroubier.com\/index.php\/wp-json\/wp\/v2\/pages"}],"about":[{"href":"https:\/\/www.paulroubier.com\/index.php\/wp-json\/wp\/v2\/types\/page"}],"author":[{"embeddable":true,"href":"https:\/\/www.paulroubier.com\/index.php\/wp-json\/wp\/v2\/users\/2"}],"replies":[{"embeddable":true,"href":"https:\/\/www.paulroubier.com\/index.php\/wp-json\/wp\/v2\/comments?post=16690"}],"version-history":[{"count":12,"href":"https:\/\/www.paulroubier.com\/index.php\/wp-json\/wp\/v2\/pages\/16690\/revisions"}],"predecessor-version":[{"id":17008,"href":"https:\/\/www.paulroubier.com\/index.php\/wp-json\/wp\/v2\/pages\/16690\/revisions\/17008"}],"wp:attachment":[{"href":"https:\/\/www.paulroubier.com\/index.php\/wp-json\/wp\/v2\/media?parent=16690"}],"curies":[{"name":"wp","href":"https:\/\/api.w.org\/{rel}","templated":true}]}}