{"id":16226,"date":"2018-10-03T15:47:13","date_gmt":"2018-10-03T13:47:13","guid":{"rendered":"http:\/\/www.paulroubier.com\/?page_id=16226"},"modified":"2025-12-02T11:13:26","modified_gmt":"2025-12-02T10:13:26","slug":"module-05-lexploitation-des-brevets","status":"publish","type":"page","link":"https:\/\/www.paulroubier.com\/index.php\/module-05-lexploitation-des-brevets\/","title":{"rendered":"Module 5 : L\u2019exploitation des brevets"},"content":{"rendered":"<p>[vc_row css_animation=&#8221;&#8221; row_type=&#8221;row&#8221; use_row_as_full_screen_section=&#8221;no&#8221; type=&#8221;full_width&#8221; angled_section=&#8221;no&#8221; text_align=&#8221;left&#8221; background_image_as_pattern=&#8221;without_pattern&#8221;][vc_column width=&#8221;1\/4&#8243;][vc_single_image image=&#8221;16204&#8243; img_size=&#8221;full&#8221; qode_css_animation=&#8221;&#8221;][\/vc_column][vc_column width=&#8221;3\/4&#8243;][vc_column_text]<span class=\"txtGris\"><strong>Objectifs:<\/strong> Permettre aux auditeurs de n\u00e9gocier et de r\u00e9diger les contrats d\u2019exploitation des droits de propri\u00e9t\u00e9 industrielle en application des r\u00e8gles du droit fran\u00e7ais et du droit international, en tenant compte des contraintes du droit de la concurrence, en s\u2019int\u00e9ressant particuli\u00e8rement \u00e0 la question des licence FRAND.<\/span><\/p>\n<p><strong>Pr\u00e9requis :<\/strong> il est n\u00e9cessaire d&#8217;avoir suivi la formation <strong>\u00ab\u00a0<\/strong>Les voies de protection de l\u2019invention \u00bb ou d\u2019avoir les connaissances \u00e9quivalentes.<\/p>\n<p><strong>Public vis\u00e9 :<\/strong> ing\u00e9nieurs et personnels des administrations et entreprises innovantes, conseils en propri\u00e9t\u00e9 industrielle, avocats et juristes d\u2019enreprises en qu\u00eate de sp\u00e9cialisation dans le domaine des brevets.<\/p>\n<p><strong>Comp\u00e9tences :\u00a0<\/strong>Comprendre et n\u00e9gocier les accords de licence. Organiser et n\u00e9gocier les partenariats de R&amp;D. Identifier et pr\u00e9venir les probl\u00e8mes li\u00e9s \u00e0 l\u2019application du droit de la concurrence.[\/vc_column_text][\/vc_column][\/vc_row][vc_row css_animation=&#8221;&#8221; row_type=&#8221;row&#8221; use_row_as_full_screen_section=&#8221;no&#8221; type=&#8221;full_width&#8221; angled_section=&#8221;no&#8221; text_align=&#8221;left&#8221; background_image_as_pattern=&#8221;without_pattern&#8221;][vc_column][vc_empty_space][vc_accordion active_tab=&#8221;1&#8243; style=&#8221;toggle&#8221;][vc_accordion_tab title=&#8221;Journ\u00e9e 1 : Les contrats d\u2019exploitation&#8221; title_color=&#8221;#000000&#8243; background_color=&#8221;#ffffff&#8221;][vc_row_inner row_type=&#8221;row&#8221; type=&#8221;full_width&#8221; text_align=&#8221;left&#8221; css_animation=&#8221;&#8221;][vc_column_inner width=&#8221;1\/2&#8243;][vc_column_text]<strong>PROGRAMME :<\/strong><br \/>\n\u2022 Les contrats d\u2019exploitation des droits de propri\u00e9t\u00e9 industrielle : cession, licence, contrat de recherche, r\u00e8glement de copropri\u00e9t\u00e9.<br \/>\n\u2022 La formation du contrat.<br \/>\n\u2022 Les obligations n\u00e9es du contrat.<br \/>\n\u2022 L\u2019ex\u00e9cution du contrat.<br \/>\n\u2022 Gestion de l\u2019internationalit\u00e9.[\/vc_column_text][\/vc_column_inner][vc_column_inner width=&#8221;1\/2&#8243;][vc_column_text]<strong>Intervenante<\/strong><br \/>\nCharlotte Montaud. Responsable cabinet Plasseraud IP Contrats<br \/>\n&amp; Valorisation \/ Inscriptions, Conseil en Propri\u00e9t\u00e9 Industrielle,<br \/>\nConseil Europ\u00e9en en Marques, Dessins et Mod\u00e8les[\/vc_column_text][\/vc_column_inner][\/vc_row_inner][\/vc_accordion_tab][vc_accordion_tab title=&#8221;Journ\u00e9e 2 : L\u2019incidence du droit de la concurrence&#8221;][vc_row_inner row_type=&#8221;row&#8221; type=&#8221;full_width&#8221; text_align=&#8221;left&#8221; css_animation=&#8221;&#8221;][vc_column_inner width=&#8221;1\/2&#8243;][vc_column_text]<strong>PROGRAMME :<\/strong><br \/>\n<strong>Pr\u00e9sentation g\u00e9n\u00e9rale<\/strong><br \/>\n\u2022 La notion de droit de la concurrence : droit fran\u00e7ais et droit communautaire de la concurrence.<br \/>\n\u2022 Le principe d\u2019application du droit des ententes aux accords de propri\u00e9t\u00e9 industrielle.<br \/>\n\u2022 Le r\u00e8glement d\u2019exemption concernant les accords de transfert de technologie.<br \/>\n\u2022 Droit de la propri\u00e9t\u00e9 industrielle et prohibition de l\u2019abus de position dominante.[\/vc_column_text][vc_column_text]<strong>Intervenant<\/strong><br \/>\n<strong>(1) Pr\u00e9sentation g\u00e9n\u00e9rale<\/strong><br \/>\nCyril Nourissat. Professeur agr\u00e9g\u00e9 des Facult\u00e9s de Droit, Universit\u00e9 Jean Moulin (Lyon III).[\/vc_column_text][\/vc_column_inner][vc_column_inner width=&#8221;1\/2&#8243;][vc_column_text]<strong>PROGRAMME :<\/strong><br \/>\n<strong>Les licences Frand<\/strong><br \/>\n\u2022 Les particularit\u00e9s des licences FRAND.<br \/>\n\u2022 La d\u00e9termination du taux de redevance.<br \/>\n\u2022 Le contentieux des licences FRAND.[\/vc_column_text][vc_column_text]<strong>Intervenant<\/strong><br \/>\n<strong>(2) Les licences Frand<\/strong><br \/>\nJean-Baptiste Chanial, Avocat, Directeur associ\u00e9, FIDAL[\/vc_column_text][\/vc_column_inner][\/vc_row_inner][\/vc_accordion_tab][vc_accordion_tab title=&#8221;Plan de pr\u00e9sentation&#8221; background_color=&#8221;#dbdbdb&#8221;][vc_row_inner row_type=&#8221;row&#8221; type=&#8221;full_width&#8221; text_align=&#8221;left&#8221; css_animation=&#8221;&#8221;][vc_column_inner width=&#8221;1\/2&#8243;][vc_column_text]<strong>Les contrats d\u2019exploitation des droits de propri\u00e9t\u00e9 industrielle<\/strong><\/p>\n<p><strong>L\u2019incidence du droit de la concurrence<\/strong><\/p>\n<p><strong>Cyril Nourissat<\/strong><\/p>\n<p><strong><em>Professeur agr\u00e9g\u00e9 des Facult\u00e9s de droit<\/em><\/strong><\/p>\n<p><strong><em>Directeur du CREDIP<\/em><\/strong><\/p>\n<p><strong><em>Universit\u00e9 Jean Moulin \u2013 Lyon 3<\/em><\/strong><\/p>\n<p>&nbsp;<\/p>\n<p><strong>Introduction\u00a0:<\/strong><\/p>\n<p>Rappels des points fondamentaux du droit de la concurrence (droit fran\u00e7ais et de droit de l\u2019Union europ\u00e9enne)\u00a0: pratiques anticoncurrentielles, pratiques restrictives et concurrence d\u00e9loyale\u00a0(pour m\u00e9moire) ; missions des autorit\u00e9s nationales et europ\u00e9ennes (proc\u00e9dures n\u00e9goci\u00e9es), r\u00f4le du juge\u00a0(actions indemnitaires) ; notions essentielles de droit de la concurrence (entreprises, march\u00e9 pertinent, seuil de sensibilit\u00e9\u2026)<\/p>\n<p>&nbsp;<\/p>\n<p><strong>I \u2013 La prohibition des ententes et les accords de propri\u00e9t\u00e9 industrielle<\/strong><\/p>\n<p>A \u2013 Caract\u00e9risation des ententes<\/p>\n<ul>\n<li>Des entreprises<\/li>\n<li>Une collusion<\/li>\n<li>Des restrictions de concurrence (objet et effet anticoncurrentiels)<\/li>\n<\/ul>\n<p>B \u2013 Sanction des ententes<\/p>\n<ul>\n<li>Le <em>public enforcement<\/em><\/li>\n<li>Le <em>private enforcement<\/em><\/li>\n<\/ul>\n<p>C \u2013 D\u00e9rogation \u00e0 la prohibition\u00a0: le cas du r\u00e8glement d\u2019exemption sur les accords de licence<\/p>\n<ul>\n<li>Exemption individuelle exemption par cat\u00e9gorie<\/li>\n<li>Application du r\u00e8glement 316\/2014 sur les accords de transfert de technologie<\/li>\n<\/ul>\n<p><strong>II \u2013 La prohibition des abus de position dominante et le droit de la propri\u00e9t\u00e9 industrielle<\/strong><strong>\u00a0<\/strong><\/p>\n<p>A \u2013 Caract\u00e9risation de la position dominante<\/p>\n<ul>\n<li>La domination (illustrations et cas de la position dominante collective)<\/li>\n<li>Le march\u00e9 pertinent<\/li>\n<\/ul>\n<p>B \u2013 Sanction de l\u2019exploitation abusive de la position dominante<\/p>\n<ul>\n<li>Les abus de comportement<\/li>\n<li>Les abus de structure<\/li>\n<li>Analyse de la jurisprudence en mati\u00e8re de propri\u00e9t\u00e9 industrielle<\/li>\n<\/ul>\n<p>[\/vc_column_text][\/vc_column_inner][vc_column_inner width=&#8221;1\/2&#8243;][vc_column_text]Journ\u00e9e 2\u00a0 \u00a0 \u00a0 \u00a0 \u00a0 \u00a0 \u00a0 \u00a0 \u00a0 \u00a0 \u00a0 \u00a0 \u00a0 \u00a0 \u00a0 \u00a0 \u00a0 \u00a0 \u00a0 \u00a0 \u00a0 \u00a0 Jean-Baptiste Chanial \u2013 4heures-<\/p>\n<p><strong><u>LES LICENCES FRAND<\/u><\/strong><\/p>\n<p><strong>Les particularit\u00e9s des licences FRAND<\/strong><\/p>\n<p><strong>La d\u00e9termination du taux de redevance<\/strong><\/p>\n<p><strong>Le contentieux des licences FRAND<\/strong><\/p>\n<p>[\/vc_column_text][\/vc_column_inner][\/vc_row_inner][\/vc_accordion_tab][\/vc_accordion][vc_column_text](1) Demi-journ\u00e9e le matin<br \/>\n(2) Demi-journ\u00e9e l\u2019apr\u00e8s-midi[\/vc_column_text][\/vc_column][\/vc_row][vc_row css_animation=&#8221;&#8221; row_type=&#8221;row&#8221; use_row_as_full_screen_section=&#8221;no&#8221; type=&#8221;full_width&#8221; angled_section=&#8221;no&#8221; text_align=&#8221;left&#8221; background_image_as_pattern=&#8221;without_pattern&#8221;][vc_column][vc_empty_space][\/vc_column][\/vc_row]<\/p>\n","protected":false},"excerpt":{"rendered":"<p>[vc_row css_animation=&#8221;&#8221; row_type=&#8221;row&#8221; use_row_as_full_screen_section=&#8221;no&#8221; type=&#8221;full_width&#8221; angled_section=&#8221;no&#8221; text_align=&#8221;left&#8221; background_image_as_pattern=&#8221;without_pattern&#8221;][vc_column width=&#8221;1\/4&#8243;][vc_single_image image=&#8221;16204&#8243; img_size=&#8221;full&#8221; qode_css_animation=&#8221;&#8221;][\/vc_column][vc_column width=&#8221;3\/4&#8243;][vc_column_text]Objectifs: Permettre aux auditeurs de n\u00e9gocier et de r\u00e9diger les contrats d\u2019exploitation des droits de propri\u00e9t\u00e9 industrielle en application des r\u00e8gles du droit fran\u00e7ais et du droit international, en tenant compte des contraintes&#8230;<\/p>\n","protected":false},"author":1,"featured_media":0,"parent":0,"menu_order":0,"comment_status":"closed","ping_status":"closed","template":"","meta":{"footnotes":""},"class_list":["post-16226","page","type-page","status-publish","hentry"],"_links":{"self":[{"href":"https:\/\/www.paulroubier.com\/index.php\/wp-json\/wp\/v2\/pages\/16226","targetHints":{"allow":["GET"]}}],"collection":[{"href":"https:\/\/www.paulroubier.com\/index.php\/wp-json\/wp\/v2\/pages"}],"about":[{"href":"https:\/\/www.paulroubier.com\/index.php\/wp-json\/wp\/v2\/types\/page"}],"author":[{"embeddable":true,"href":"https:\/\/www.paulroubier.com\/index.php\/wp-json\/wp\/v2\/users\/1"}],"replies":[{"embeddable":true,"href":"https:\/\/www.paulroubier.com\/index.php\/wp-json\/wp\/v2\/comments?post=16226"}],"version-history":[{"count":13,"href":"https:\/\/www.paulroubier.com\/index.php\/wp-json\/wp\/v2\/pages\/16226\/revisions"}],"predecessor-version":[{"id":17247,"href":"https:\/\/www.paulroubier.com\/index.php\/wp-json\/wp\/v2\/pages\/16226\/revisions\/17247"}],"wp:attachment":[{"href":"https:\/\/www.paulroubier.com\/index.php\/wp-json\/wp\/v2\/media?parent=16226"}],"curies":[{"name":"wp","href":"https:\/\/api.w.org\/{rel}","templated":true}]}}