{"id":16224,"date":"2018-10-03T15:43:40","date_gmt":"2018-10-03T13:43:40","guid":{"rendered":"http:\/\/www.paulroubier.com\/?page_id=16224"},"modified":"2025-12-02T09:18:00","modified_gmt":"2025-12-02T08:18:00","slug":"module-04-du-droit-au-titre-a-sa-protection","status":"publish","type":"page","link":"https:\/\/www.paulroubier.com\/index.php\/module-04-du-droit-au-titre-a-sa-protection\/","title":{"rendered":"Module 4 : Du droit au titre \u00e0 sa protection"},"content":{"rendered":"<p>[vc_row css_animation=&#8221;&#8221; row_type=&#8221;row&#8221; use_row_as_full_screen_section=&#8221;no&#8221; type=&#8221;full_width&#8221; angled_section=&#8221;no&#8221; text_align=&#8221;left&#8221; background_image_as_pattern=&#8221;without_pattern&#8221;][vc_column width=&#8221;1\/4&#8243;][vc_single_image image=&#8221;16202&#8243; img_size=&#8221;full&#8221; qode_css_animation=&#8221;&#8221;][\/vc_column][vc_column width=&#8221;3\/4&#8243;][vc_column_text]<span class=\"txtGris\"><strong>Objectifs:<\/strong> Permettre aux auditeurs de n\u00e9gocier et de r\u00e9diger les contrats d\u2019exploitation des droits de propri\u00e9t\u00e9 industrielle en application des r\u00e8gles du droit fran\u00e7ais et du droit international, en tenant compte des contraintes du droit interne et communautaire de la concurrence.<\/span><\/p>\n<p><strong>Pr\u00e9requis :<\/strong> il est n\u00e9cessaire d&#8217;avoir suivi la formation <strong>\u00ab\u00a0<\/strong>Les voies de protection de l\u2019invention \u00bb ou d\u2019avoir les connaissances \u00e9quivalentes.<\/p>\n<p><strong>Public vis\u00e9 :<\/strong> ing\u00e9nieurs et personnels des administrations et entreprises innovantes, conseils en propri\u00e9t\u00e9 industrielle, avocats et juristes d\u2019enreprises en qu\u00eate de sp\u00e9cialisation dans le domaine des brevets.<\/p>\n<p><strong>Comp\u00e9tences : <\/strong>Mettre en \u0153uvre les mesures n\u00e9cessaire \u00e0 la gestion des inventions de salari\u00e9s. Organiser et n\u00e9gocier les contrats de recherche et de d\u00e9veloppements. D\u00e9terminer l\u2019\u00e9tendue de la protection des droits. Etre en mesure de dialoguer sur les aspects de lutte contre la contrefa\u00e7on.[\/vc_column_text][\/vc_column][\/vc_row][vc_row css_animation=&#8221;&#8221; row_type=&#8221;row&#8221; use_row_as_full_screen_section=&#8221;no&#8221; type=&#8221;full_width&#8221; angled_section=&#8221;no&#8221; text_align=&#8221;left&#8221; background_image_as_pattern=&#8221;without_pattern&#8221;][vc_column][vc_empty_space][vc_accordion active_tab=&#8221;1&#8243; style=&#8221;toggle&#8221;][vc_accordion_tab title=&#8221;Journ\u00e9e 1 : Le droit au titre&#8221; title_color=&#8221;#000000&#8243; background_color=&#8221;#ffffff&#8221;][vc_row_inner row_type=&#8221;row&#8221; type=&#8221;full_width&#8221; text_align=&#8221;left&#8221; css_animation=&#8221;&#8221;][vc_column_inner width=&#8221;1\/2&#8243;][vc_column_text]<strong>PROGRAMME :<\/strong><br \/>\n<strong>Les inventions de salari\u00e9s<\/strong><br \/>\n\u2022 Le champ d\u2019application du r\u00e9gime des inventions<br \/>\nde salari\u00e9s.<br \/>\n\u2022 Les inventions de mission (notion, r\u00e9mun\u00e9ration).<br \/>\n\u2022 Les inventions hors mission attribuables.<br \/>\n\u2022 L\u2019application non contentieuse et contentieuse du r\u00e9gime<br \/>\ndes inventions de salari\u00e9s.<br \/>\n<strong>Les contrats de recherche et d\u00e9veloppement<\/strong><br \/>\n\u2022 El\u00e9ments caract\u00e9ristiques.<br \/>\n\u2022 Principales clauses.<br \/>\n\u2022 Obligations essentielles.[\/vc_column_text][\/vc_column_inner][vc_column_inner width=&#8221;1\/2&#8243;][vc_column_text]<strong>Intervenant<\/strong><br \/>\n<strong>(1) Les inventions de salari\u00e9s<\/strong><br \/>\nJean-Christophe Galloux. Agr\u00e9g\u00e9 des Facult\u00e9s de Droit,<br \/>\nProfesseur \u00e0 l\u2019Universit\u00e9 Panth\u00e9on-Assas (Paris II) et au CEIPI,<br \/>\nPr\u00e9sident de l\u2019IRPI, Avocat au Barreau de Paris.<br \/>\n<strong>(2) Les contrats de recherche et d\u00e9veloppement<\/strong><br \/>\nCharlotte Montaud. Responsable cabinet Plasseraud IP Contrats &amp; Valorisation \/ Inscriptions, Conseil en Propri\u00e9t\u00e9 Industrielle, Conseil Europ\u00e9en en Marques, Dessins et Mod\u00e8les.[\/vc_column_text][\/vc_column_inner][\/vc_row_inner][\/vc_accordion_tab][vc_accordion_tab title=&#8221;Plan de la pr\u00e9sentation&#8221; background_color=&#8221;#dbdbdb&#8221;][vc_row_inner row_type=&#8221;row&#8221; type=&#8221;full_width&#8221; text_align=&#8221;left&#8221; css_animation=&#8221;&#8221;][vc_column_inner width=&#8221;1\/2&#8243;][vc_column_text]Les inventions de salari\u00e9s<\/p>\n<p>La formation a pour objet de donner aux participants un tableau complet de cette probl\u00e9matique, de mani\u00e8re \u00e0 permettre une mise en pratique imm\u00e9diate en entreprise, en cabinet ou dans les organismes de recherche. En effet, les probl\u00e9matiques autant publiques que priv\u00e9es sont abord\u00e9es.<\/p>\n<p>&nbsp;<\/p>\n<ol>\n<li>Champ d\u2019application des inventions de salari\u00e9s<\/li>\n<\/ol>\n<p>&nbsp;<\/p>\n<ul>\n<li>dans le temps\u00a0: questions de droit transitoire<\/li>\n<li>dans l\u2019espace\u00a0: questions de droit international priv\u00e9<\/li>\n<li>quant aux personnes\u00a0: salariat et autres statuts<\/li>\n<li>quant aux inventions<\/li>\n<\/ul>\n<p>&nbsp;<\/p>\n<ol start=\"2\">\n<li>Caract\u00e8re suppl\u00e9tif du r\u00e9gime l\u00e9gal<\/li>\n<\/ol>\n<p>&nbsp;<\/p>\n<ul>\n<li>r\u00f4le et limites du cadre contractuel<\/li>\n<\/ul>\n<p>&nbsp;<\/p>\n<ol start=\"3\">\n<li>R\u00e8gles d\u2019attribution<\/li>\n<\/ol>\n<p>&nbsp;<\/p>\n<ul>\n<li>Inventions de mission\u00a0:\u00a0\u00a0 . qualification<\/li>\n<\/ul>\n<p>. principe et calcul de la r\u00e9mun\u00e9ration (public et priv\u00e9)<\/p>\n<p>. prescription de la r\u00e9mun\u00e9ration<\/p>\n<p>. exemples de clauses et de montants<\/p>\n<p>&#8211;\u00a0\u00a0\u00a0\u00a0 Inventions hors mission\u00a0:\u00a0\u00a0 . inventions hors mission attribuables<\/p>\n<p>. inventions hors mission non attribuables<\/p>\n<ol start=\"4\">\n<li>Contentieux des inventions de mission<\/li>\n<\/ol>\n<ul>\n<li>r\u00f4le et fonctionnement de la CNIS<\/li>\n<li>le contentieux judiciaire<\/li>\n<\/ul>\n<p>&nbsp;<\/p>\n<p>[\/vc_column_text][\/vc_column_inner][vc_column_inner width=&#8221;1\/2&#8243;][vc_column_text]<strong>Les contrats de recherche et d\u00e9veloppement<\/strong><\/p>\n<p><strong>El\u00e9ments caract\u00e9ristiques\u00a0:<\/strong><\/p>\n<p>&#8211; un document <u>\u00e9crit<\/u>,<\/p>\n<p>&#8211; qui a le plus souvent fait l\u2019objet de <u>n\u00e9gociations<\/u> pr\u00e9alables,<\/p>\n<p>&#8211; d\u00e9crivant les droits et obligations de 2 ou plusieurs <u>partenaires<\/u> pour l\u2019ex\u00e9cution d\u2019un <u>programme<\/u> de recherche,<\/p>\n<p>&#8211; mettant en \u0153uvre des <u>brevets<\/u>, <u>logiciels<\/u> et\/ou <u>savoir-faire<\/u> <u>d\u00e9tenus<\/u> par les diff\u00e9rents partenaires au d\u00e9marrage du programme,<\/p>\n<p>&#8211; et susceptible de <u>g\u00e9n\u00e9rer<\/u> des brevets, logiciels et\/ou savoir-faire <u>nouveaux<\/u> au cours de son ex\u00e9cution.<\/p>\n<p>&nbsp;<\/p>\n<p><strong>Principales clauses\u00a0:<\/strong><\/p>\n<p>&#8211; L\u2019objet du contrat.<\/p>\n<p>&#8211; Les modalit\u00e9s d\u2019ex\u00e9cution du programme\u00a0:<\/p>\n<ul>\n<li>D\u00e9termination du contenu\/\u00e9volution du contenu,<\/li>\n<li>Collaboration avec des tiers\u00a0: sous traitance, th\u00e8ses, \u2026<\/li>\n<li>Moyens mis en \u0153uvre\u00a0: humains (accueil de personnels) et mat\u00e9riels (achat ou pr\u00eat d\u2019\u00e9quipements, \u2026).<\/li>\n<\/ul>\n<p>&#8211; Gestion de la relation\u00a0: les comit\u00e9s technique et de pilotage.<\/p>\n<p>&#8211; Modalit\u00e9s financi\u00e8res\u00a0: prix\/financement\/facturation.<\/p>\n<p>&#8211; Principes de propri\u00e9t\u00e9 et d\u2019exploitation des connaissances ant\u00e9rieures et nouvelles\u00a0:<\/p>\n<ul>\n<li>Principes de propri\u00e9t\u00e9\u00a0: les diff\u00e9rentes options,<\/li>\n<li>Licences\u00a0: pour l\u2019ex\u00e9cution du programme\/ options de licences d\u2019exploitation,<\/li>\n<li>Le Mandat unique.<\/li>\n<\/ul>\n<p>&#8211; Confidentialit\u00e9\/Publication.<\/p>\n<p>&#8211; Responsabilit\u00e9s et garanties.<\/p>\n<p>&#8211; La dur\u00e9e du contrat\/la r\u00e9siliation\/l\u2019avenant de prolongation.<\/p>\n<p>&#8211; La transf\u00e9rabilit\u00e9 du contrat.<\/p>\n<p>&#8211; Le droit applicable et la gestion des conflits.<\/p>\n<p>&nbsp;<\/p>\n<p><strong>Les obligations essentielles\u00a0:<\/strong><\/p>\n<p>&#8211; ex\u00e9cuter les travaux,<\/p>\n<p>&#8211; respecter l\u2019obligation de confidentialit\u00e9,<\/p>\n<p>&#8211; respecter les r\u00e8gles de PI (propri\u00e9t\u00e9\/licences).[\/vc_column_text][\/vc_column_inner][\/vc_row_inner][\/vc_accordion_tab][vc_accordion_tab title=&#8221;Journ\u00e9e 2 : La contrefa\u00e7on&#8221;][vc_row_inner row_type=&#8221;row&#8221; type=&#8221;full_width&#8221; text_align=&#8221;left&#8221; css_animation=&#8221;&#8221;][vc_column_inner width=&#8221;1\/2&#8243;][vc_column_text]<strong>PROGRAMME :<\/strong><br \/>\n<strong>La contrefa\u00e7on de brevet<\/strong><br \/>\n\u2022 Le champ de protection selon la nature du brevet (produit, proc\u00e9d\u00e9, application).<br \/>\n\u2022 L\u2019interpr\u00e9tation des revendications.<br \/>\n\u2022 La langue du brevet.<br \/>\n\u2022 L\u2019\u00e9l\u00e9ment mat\u00e9riel, l\u2019\u00e9l\u00e9ment moral de l\u2019acte de contrefa\u00e7on.<br \/>\n\u2022 L\u2019\u00e9puisement du droit.<br \/>\n<strong>L\u2019action en contrefa\u00e7on<\/strong><br \/>\n\u2022 La recherche de la contrefa\u00e7on : le concours des autorit\u00e9s douani\u00e8res, le concours du juge.<br \/>\n\u2022 La poursuite de la contrefa\u00e7on : le r\u00e9gime de l\u2019action en contrefa\u00e7on (qualit\u00e9 pour agir, comp\u00e9tence juridictionnelle, preuve, saisie contrefa\u00e7on).<br \/>\n\u2022 La sanction de la contrefa\u00e7on : les mesures provisoires, les mesures d\u00e9finitives (sanctions civiles, sanctions p\u00e9nales).[\/vc_column_text][\/vc_column_inner][vc_column_inner width=&#8221;1\/2&#8243;][vc_column_text]<strong>Intervenant<\/strong><br \/>\n<strong>(1) La contrefa\u00e7on de brevet<\/strong><br \/>\nChristian Le Stanc. Professeur \u00e0 la Facult\u00e9 de Droit de<br \/>\nMontpellier, Avocat.<br \/>\n<strong>(2) L\u2019action en contrefa\u00e7on<\/strong><br \/>\nJean-Pierre Stouls. Avocat au Barreau de Lyon,<br \/>\nConseilller du Commerce Ext\u00e9rieur de la France.[\/vc_column_text][\/vc_column_inner][\/vc_row_inner][\/vc_accordion_tab][vc_accordion_tab title=&#8221;Plan de la pr\u00e9sentation&#8221; background_color=&#8221;#dbdbdb&#8221;][vc_row_inner row_type=&#8221;row&#8221; type=&#8221;full_width&#8221; text_align=&#8221;left&#8221; css_animation=&#8221;&#8221;][vc_column_inner width=&#8221;1\/2&#8243;][vc_column_text]La contrefa\u00e7on<\/p>\n<p>(Effets du droit de brevet)<\/p>\n<p>L\u2019obtention d\u2019un brevet efficace en France conf\u00e8re \u00e0 son titulaire un monopole d\u2019exploitation pour une dur\u00e9e de vingt ans lui conf\u00e9rant des pr\u00e9rogatives puissantes, parfois limit\u00e9es par le m\u00e9canisme de l\u2019\u00e9puisement du droit. L\u2019atteinte commise par des tiers au monopole constitue normalement un acte de contrefa\u00e7on sanctionnable.<\/p>\n<p>I.- Sujet du droit de brevet<\/p>\n<p>A.- Qualit\u00e9 du titulaire<\/p>\n<p>B.- Pluralit\u00e9 de titulaire<\/p>\n<p>1.- Domaine de la copropri\u00e9t\u00e9 des brevets<\/p>\n<p>2.- R\u00e9gime de la copropri\u00e9t\u00e9 des brevets<\/p>\n<p>II.- Objet du droit de brevet<\/p>\n<p>A.- Objet du monopole<\/p>\n<p>B.- \u00c9tendue de la protection<\/p>\n<p>1.- Qui doit interpr\u00e9ter les revendications du brevet<\/p>\n<p>2.- Quand interpr\u00e9ter les revendications du brevet<\/p>\n<p>3.- Sur quoi interpr\u00e9ter les revendications du brevet<\/p>\n<p>4.- Comment interpr\u00e9ter les revendications du brevet<\/p>\n<p>III.- Contenu du droit de brevet<\/p>\n<p>A.- Pr\u00e9rogatives du brevet\u00e9<\/p>\n<p>1.- Monopole d\u2019exploitation du brevet<\/p>\n<p>2.- \u00c9puisement du droit de brevet<\/p>\n<p>B.- Charges du brevet\u00e9<\/p>\n<p>1.- Obligation au paiement de taxes annuelles<\/p>\n<p>2.- Obligation d\u2019exploiter l\u2019invention<\/p>\n<p>IV.- Sanction du droit de brevet\u00a0: acte de contrefa\u00e7on<\/p>\n<p>A.- \u00c9l\u00e9ment mat\u00e9riel de l\u2019acte de contrefa\u00e7on<\/p>\n<p>B.- \u00c9l\u00e9ment moral de l\u2019acte de contrefa\u00e7on<\/p>\n<p>C.- \u00c9l\u00e9ment l\u00e9gal de la contrefa\u00e7on<\/p>\n<p>1.- Personnes b\u00e9n\u00e9ficiant d\u2019une permission de la loi\u00a0: possession personnelle<\/p>\n<p>2.- Actes b\u00e9n\u00e9ficiant d\u2019une permission de la loi[\/vc_column_text][\/vc_column_inner][vc_column_inner width=&#8221;1\/2&#8243;][\/vc_column_inner][\/vc_row_inner][\/vc_accordion_tab][\/vc_accordion][vc_column_text](1) Demi-journ\u00e9e le matin<br \/>\n(2) Demi-journ\u00e9e l\u2019apr\u00e8s-midi[\/vc_column_text][\/vc_column][\/vc_row][vc_row css_animation=&#8221;&#8221; row_type=&#8221;row&#8221; use_row_as_full_screen_section=&#8221;no&#8221; type=&#8221;full_width&#8221; angled_section=&#8221;no&#8221; text_align=&#8221;left&#8221; background_image_as_pattern=&#8221;without_pattern&#8221;][vc_column][vc_empty_space][\/vc_column][\/vc_row]<\/p>\n","protected":false},"excerpt":{"rendered":"<p>[vc_row css_animation=&#8221;&#8221; row_type=&#8221;row&#8221; use_row_as_full_screen_section=&#8221;no&#8221; type=&#8221;full_width&#8221; angled_section=&#8221;no&#8221; text_align=&#8221;left&#8221; background_image_as_pattern=&#8221;without_pattern&#8221;][vc_column width=&#8221;1\/4&#8243;][vc_single_image image=&#8221;16202&#8243; img_size=&#8221;full&#8221; qode_css_animation=&#8221;&#8221;][\/vc_column][vc_column width=&#8221;3\/4&#8243;][vc_column_text]Objectifs: Permettre aux auditeurs de n\u00e9gocier et de r\u00e9diger les contrats d\u2019exploitation des droits de propri\u00e9t\u00e9 industrielle en application des r\u00e8gles du droit fran\u00e7ais et du droit international, en tenant compte des contraintes&#8230;<\/p>\n","protected":false},"author":1,"featured_media":0,"parent":0,"menu_order":0,"comment_status":"closed","ping_status":"closed","template":"","meta":{"footnotes":""},"class_list":["post-16224","page","type-page","status-publish","hentry"],"_links":{"self":[{"href":"https:\/\/www.paulroubier.com\/index.php\/wp-json\/wp\/v2\/pages\/16224","targetHints":{"allow":["GET"]}}],"collection":[{"href":"https:\/\/www.paulroubier.com\/index.php\/wp-json\/wp\/v2\/pages"}],"about":[{"href":"https:\/\/www.paulroubier.com\/index.php\/wp-json\/wp\/v2\/types\/page"}],"author":[{"embeddable":true,"href":"https:\/\/www.paulroubier.com\/index.php\/wp-json\/wp\/v2\/users\/1"}],"replies":[{"embeddable":true,"href":"https:\/\/www.paulroubier.com\/index.php\/wp-json\/wp\/v2\/comments?post=16224"}],"version-history":[{"count":14,"href":"https:\/\/www.paulroubier.com\/index.php\/wp-json\/wp\/v2\/pages\/16224\/revisions"}],"predecessor-version":[{"id":17235,"href":"https:\/\/www.paulroubier.com\/index.php\/wp-json\/wp\/v2\/pages\/16224\/revisions\/17235"}],"wp:attachment":[{"href":"https:\/\/www.paulroubier.com\/index.php\/wp-json\/wp\/v2\/media?parent=16224"}],"curies":[{"name":"wp","href":"https:\/\/api.w.org\/{rel}","templated":true}]}}