{"id":16209,"date":"2018-10-03T15:20:48","date_gmt":"2018-10-03T13:20:48","guid":{"rendered":"http:\/\/www.paulroubier.com\/?page_id=16209"},"modified":"2025-12-02T09:16:28","modified_gmt":"2025-12-02T08:16:28","slug":"module-2-lobtention-du-brevet-les-conditions-de-fond","status":"publish","type":"page","link":"https:\/\/www.paulroubier.com\/index.php\/module-2-lobtention-du-brevet-les-conditions-de-fond\/","title":{"rendered":"Module 2 : L\u2019obtention du brevet : les conditions de fond"},"content":{"rendered":"<p>[vc_row css_animation=&#8221;&#8221; row_type=&#8221;row&#8221; use_row_as_full_screen_section=&#8221;no&#8221; type=&#8221;full_width&#8221; angled_section=&#8221;no&#8221; text_align=&#8221;left&#8221; background_image_as_pattern=&#8221;without_pattern&#8221;][vc_column width=&#8221;1\/4&#8243;][vc_single_image image=&#8221;16206&#8243; img_size=&#8221;full&#8221; qode_css_animation=&#8221;&#8221;][\/vc_column][vc_column width=&#8221;3\/4&#8243;][vc_column_text]<span class=\"txtGris\"><strong>Objectifs:<\/strong> Comprendre la notion d\u2019invention objet de la protection. Ma\u00eetriser les caract\u00e9ristiques des innovations susceptibles d\u2019une protection par le brevet.<\/span><\/p>\n<p><strong>Pr\u00e9requis :<\/strong> il est n\u00e9cessaire d&#8217;avoir suivi la formation \u00ab\u00a0Les voies de protection de l\u2019invention \u00bb ou d\u2019avoir les connaissances \u00e9quivalentes.<\/p>\n<p><strong>Public vis\u00e9 :<\/strong> ing\u00e9nieurs et personnels des administrations et entreprises innovantes, conseils en propri\u00e9t\u00e9 industrielle, avocats et juristes d\u2019enreprises en qu\u00eate de sp\u00e9cialisation dans le domaine des brevets.<\/p>\n<p><strong>Comp\u00e9tences : <\/strong>Etre en mesure d\u2019appr\u00e9cier \u00e0 un stade avanc\u00e9 les difficult\u00e9s d\u2019obtention d\u2019un brevet. Appr\u00e9hender les exigences de nouveaut\u00e9 et d\u2019activit\u00e9 inventive.[\/vc_column_text][\/vc_column][\/vc_row][vc_row css_animation=&#8221;&#8221; row_type=&#8221;row&#8221; use_row_as_full_screen_section=&#8221;no&#8221; type=&#8221;full_width&#8221; angled_section=&#8221;no&#8221; text_align=&#8221;left&#8221; background_image_as_pattern=&#8221;without_pattern&#8221;][vc_column][vc_empty_space][vc_accordion active_tab=&#8221;1&#8243; style=&#8221;toggle&#8221;][vc_accordion_tab title=&#8221;Journ\u00e9e 1 : Le domaine de la protection&#8221; title_color=&#8221;#000000&#8243; background_color=&#8221;#ffffff&#8221;][vc_row_inner row_type=&#8221;row&#8221; type=&#8221;full_width&#8221; text_align=&#8221;left&#8221; css_animation=&#8221;&#8221;][vc_column_inner width=&#8221;1\/2&#8243;][vc_column_text]<strong>PROGRAMME :<\/strong><br \/>\n\u2022 Notion d\u2019invention.<br \/>\n\u2022 Le domaine de la brevetabilit\u00e9.<br \/>\n\u2022 La question du logiciel.<br \/>\n\u2022 La biotechnologie.<br \/>\n\u2022 La pratique de l\u2019OEB.[\/vc_column_text][\/vc_column_inner][vc_column_inner width=&#8221;1\/2&#8243;][vc_column_text]<strong>Intervenant<\/strong><\/p>\n<p>Emmanuel Py. Ma\u00eetre de conf\u00e9rences,<br \/>\nUniversit\u00e9 de Bourgogne.[\/vc_column_text][\/vc_column_inner][\/vc_row_inner][\/vc_accordion_tab][vc_accordion_tab title=&#8221;Journ\u00e9e 2 : Nouveaut\u00e9 et activit\u00e9 inventive&#8221;][vc_row_inner row_type=&#8221;row&#8221; type=&#8221;full_width&#8221; text_align=&#8221;left&#8221; css_animation=&#8221;&#8221;][vc_column_inner width=&#8221;1\/2&#8243;][vc_column_text]<strong>PROGRAMME :<\/strong><br \/>\n\u2022 L\u2019analyse des revendications.<br \/>\n\u2022 L\u2019exigence d\u2019une nouveaut\u00e9 absolue.<br \/>\n\u2022 L\u2019ant\u00e9riorit\u00e9 destructrice de nouveaut\u00e9.<br \/>\n\u2022 L\u2019appr\u00e9ciation de l\u2019activit\u00e9 inventive (l\u2019homme du m\u00e9tier, l\u2019approche de l\u2019Office europ\u00e9en des brevets,<br \/>\nla jurisprudence fran\u00e7aise, les indices d\u2019activit\u00e9 inventive).<br \/>\n\u2022 La recherche d\u2019ant\u00e9riorit\u00e9s.<br \/>\n\u2022 Multiples illustrations jurisprudentielles.[\/vc_column_text][\/vc_column_inner][vc_column_inner width=&#8221;1\/2&#8243;][vc_column_text]<strong>Intervenant<\/strong><\/p>\n<p class=\"p1\">Nicolas Bouche, Ma\u00eetre de conf\u00e9rences \u00e0 l&#8217;Universit\u00e9 Jean Moulin Lyon 3, Directeur du Centre Paul Roubier, Avocat,\u00a0Directeur du Master propri\u00e9t\u00e9 intellectuelle (Lyon 3).<\/p>\n<p>[\/vc_column_text][\/vc_column_inner][\/vc_row_inner][\/vc_accordion_tab][\/vc_accordion][\/vc_column][\/vc_row][vc_row css_animation=&#8221;&#8221; row_type=&#8221;row&#8221; use_row_as_full_screen_section=&#8221;no&#8221; type=&#8221;full_width&#8221; angled_section=&#8221;no&#8221; text_align=&#8221;left&#8221; background_image_as_pattern=&#8221;without_pattern&#8221;][vc_column][vc_empty_space][\/vc_column][\/vc_row]<\/p>\n","protected":false},"excerpt":{"rendered":"<p>[vc_row css_animation=&#8221;&#8221; row_type=&#8221;row&#8221; use_row_as_full_screen_section=&#8221;no&#8221; type=&#8221;full_width&#8221; angled_section=&#8221;no&#8221; text_align=&#8221;left&#8221; background_image_as_pattern=&#8221;without_pattern&#8221;][vc_column width=&#8221;1\/4&#8243;][vc_single_image image=&#8221;16206&#8243; img_size=&#8221;full&#8221; qode_css_animation=&#8221;&#8221;][\/vc_column][vc_column width=&#8221;3\/4&#8243;][vc_column_text]Objectifs: Comprendre la notion d\u2019invention objet de la protection. Ma\u00eetriser les caract\u00e9ristiques des innovations susceptibles d\u2019une protection par le brevet. Pr\u00e9requis : il est n\u00e9cessaire d&#8217;avoir suivi la formation \u00ab\u00a0Les voies de protection&#8230;<\/p>\n","protected":false},"author":1,"featured_media":0,"parent":0,"menu_order":0,"comment_status":"closed","ping_status":"closed","template":"","meta":{"footnotes":""},"class_list":["post-16209","page","type-page","status-publish","hentry"],"_links":{"self":[{"href":"https:\/\/www.paulroubier.com\/index.php\/wp-json\/wp\/v2\/pages\/16209","targetHints":{"allow":["GET"]}}],"collection":[{"href":"https:\/\/www.paulroubier.com\/index.php\/wp-json\/wp\/v2\/pages"}],"about":[{"href":"https:\/\/www.paulroubier.com\/index.php\/wp-json\/wp\/v2\/types\/page"}],"author":[{"embeddable":true,"href":"https:\/\/www.paulroubier.com\/index.php\/wp-json\/wp\/v2\/users\/1"}],"replies":[{"embeddable":true,"href":"https:\/\/www.paulroubier.com\/index.php\/wp-json\/wp\/v2\/comments?post=16209"}],"version-history":[{"count":12,"href":"https:\/\/www.paulroubier.com\/index.php\/wp-json\/wp\/v2\/pages\/16209\/revisions"}],"predecessor-version":[{"id":17234,"href":"https:\/\/www.paulroubier.com\/index.php\/wp-json\/wp\/v2\/pages\/16209\/revisions\/17234"}],"wp:attachment":[{"href":"https:\/\/www.paulroubier.com\/index.php\/wp-json\/wp\/v2\/media?parent=16209"}],"curies":[{"name":"wp","href":"https:\/\/api.w.org\/{rel}","templated":true}]}}