{"id":15927,"date":"2018-07-24T12:55:02","date_gmt":"2018-07-24T10:55:02","guid":{"rendered":"http:\/\/www.paulroubier.com\/?page_id=15927"},"modified":"2025-12-02T09:24:21","modified_gmt":"2025-12-02T08:24:21","slug":"inscription","status":"publish","type":"page","link":"https:\/\/www.paulroubier.com\/index.php\/inscription\/","title":{"rendered":"Inscription | CGV"},"content":{"rendered":"<p>[vc_row css_animation=&#8221;&#8221; row_type=&#8221;row&#8221; use_row_as_full_screen_section=&#8221;no&#8221; type=&#8221;full_width&#8221; angled_section=&#8221;no&#8221; text_align=&#8221;left&#8221; background_image_as_pattern=&#8221;without_pattern&#8221;][vc_column][vc_row_inner row_type=&#8221;row&#8221; type=&#8221;full_width&#8221; text_align=&#8221;left&#8221; css_animation=&#8221;&#8221;][vc_column_inner width=&#8221;1\/2&#8243;][vc_column_text]Extrait des <a href=\"https:\/\/www.paulroubier.com\/index.php\/conditions-generales-2\/\">conditions g\u00e9n\u00e9rales<\/a>:<\/p>\n<p>L&#8217;inscription est consid\u00e9r\u00e9e comme d\u00e9finitive \u00e0 r\u00e9ception du bulletin d&#8217;inscription tamponn\u00e9 et sign\u00e9. Vous pouvez r\u00e9server une option d&#8217;inscription par t\u00e9l\u00e9phone ou vous pr\u00e9-inscrire sur le site. En cas d&#8217;annulation moins de 15 jours ouvr\u00e9s avant le d\u00e9but du s\u00e9minaire, le Centre Paul Roubier se r\u00e9serve le droit de facturer 30% du montant des frais d&#8217;inscription, pour frais de constitution de dossier. Les remplacements sont accept\u00e9s, mais doivent \u00eatre confirm\u00e9s par courrier.[\/vc_column_text][vc_empty_space][vc_column_text]<\/p>\n<h5>Merci de confirmer votre r\u00e9servation en envoyant le bulletin d&#8217;inscription par mail \u00e0 <a href=\"mailto:info@paulroubier.com\">info@paulroubier.com<\/a> ou par courrier au : Centre Paul Roubier 20, rue de la Bourse, 69002 Lyon.<\/h5>\n<p>[\/vc_column_text][vc_empty_space]<a  itemprop=\"url\" href=\"https:\/\/www.paulroubier.com\/wp-content\/uploads\/2025\/12\/Bulletin-inscription-cycle-brevet-2026.pdf\" target=\"_self\"  class=\"qbutton  default\" style=\"\">Bulletin d'inscription<\/a>[vc_empty_space]<a  itemprop=\"url\" href=\"https:\/\/www.paulroubier.com\/index.php\/conditions-generales-2\/\" target=\"_self\"  class=\"qbutton  default\" style=\"\">Conditions g\u00e9n\u00e9rales<\/a>[vc_empty_space][\/vc_column_inner][vc_column_inner width=&#8221;1\/2&#8243;][vc_single_image image=&#8221;17239&#8243; img_size=&#8221;full&#8221; alignment=&#8221;center&#8221; onclick=&#8221;custom_link&#8221; img_link_target=&#8221;_blank&#8221; qode_css_animation=&#8221;&#8221; link=&#8221;https:\/\/www.paulroubier.com\/wp-content\/uploads\/2023\/12\/Bulletin-inscription-cycle-brevet-CPR-2024.pdf&#8221;][\/vc_column_inner][\/vc_row_inner][\/vc_column][\/vc_row][vc_row css_animation=&#8221;&#8221; row_type=&#8221;row&#8221; use_row_as_full_screen_section=&#8221;no&#8221; type=&#8221;full_width&#8221; angled_section=&#8221;no&#8221; text_align=&#8221;left&#8221; background_image_as_pattern=&#8221;without_pattern&#8221;][vc_column][vc_empty_space][\/vc_column][\/vc_row]<\/p>\n","protected":false},"excerpt":{"rendered":"<p>[vc_row css_animation=&#8221;&#8221; row_type=&#8221;row&#8221; use_row_as_full_screen_section=&#8221;no&#8221; type=&#8221;full_width&#8221; angled_section=&#8221;no&#8221; text_align=&#8221;left&#8221; background_image_as_pattern=&#8221;without_pattern&#8221;][vc_column][vc_row_inner row_type=&#8221;row&#8221; type=&#8221;full_width&#8221; text_align=&#8221;left&#8221; css_animation=&#8221;&#8221;][vc_column_inner width=&#8221;1\/2&#8243;][vc_column_text]Extrait des conditions g\u00e9n\u00e9rales: L&#8217;inscription est consid\u00e9r\u00e9e comme d\u00e9finitive \u00e0 r\u00e9ception du bulletin d&#8217;inscription tamponn\u00e9 et sign\u00e9. Vous pouvez r\u00e9server une option d&#8217;inscription par t\u00e9l\u00e9phone ou vous pr\u00e9-inscrire sur le site. En cas&#8230;<\/p>\n","protected":false},"author":1,"featured_media":0,"parent":0,"menu_order":0,"comment_status":"closed","ping_status":"closed","template":"","meta":{"footnotes":""},"class_list":["post-15927","page","type-page","status-publish","hentry"],"_links":{"self":[{"href":"https:\/\/www.paulroubier.com\/index.php\/wp-json\/wp\/v2\/pages\/15927","targetHints":{"allow":["GET"]}}],"collection":[{"href":"https:\/\/www.paulroubier.com\/index.php\/wp-json\/wp\/v2\/pages"}],"about":[{"href":"https:\/\/www.paulroubier.com\/index.php\/wp-json\/wp\/v2\/types\/page"}],"author":[{"embeddable":true,"href":"https:\/\/www.paulroubier.com\/index.php\/wp-json\/wp\/v2\/users\/1"}],"replies":[{"embeddable":true,"href":"https:\/\/www.paulroubier.com\/index.php\/wp-json\/wp\/v2\/comments?post=15927"}],"version-history":[{"count":61,"href":"https:\/\/www.paulroubier.com\/index.php\/wp-json\/wp\/v2\/pages\/15927\/revisions"}],"predecessor-version":[{"id":17240,"href":"https:\/\/www.paulroubier.com\/index.php\/wp-json\/wp\/v2\/pages\/15927\/revisions\/17240"}],"wp:attachment":[{"href":"https:\/\/www.paulroubier.com\/index.php\/wp-json\/wp\/v2\/media?parent=15927"}],"curies":[{"name":"wp","href":"https:\/\/api.w.org\/{rel}","templated":true}]}}