{"id":15922,"date":"2018-07-24T12:47:23","date_gmt":"2018-07-24T10:47:23","guid":{"rendered":"http:\/\/www.paulroubier.com\/?page_id=15922"},"modified":"2025-12-02T11:18:23","modified_gmt":"2025-12-02T10:18:23","slug":"objectifs","status":"publish","type":"page","link":"https:\/\/www.paulroubier.com\/index.php\/objectifs\/","title":{"rendered":"Objectifs"},"content":{"rendered":"<p>[vc_row css_animation=&#8221;&#8221; row_type=&#8221;row&#8221; use_row_as_full_screen_section=&#8221;no&#8221; type=&#8221;full_width&#8221; angled_section=&#8221;no&#8221; text_align=&#8221;left&#8221; background_image_as_pattern=&#8221;without_pattern&#8221; z_index=&#8221;&#8221; padding_top=&#8221;30&#8243;][vc_column][vc_column_text]<\/p>\n<h3>Objectifs des formations<\/h3>\n<p><img loading=\"lazy\" decoding=\"async\" class=\"size-medium wp-image-16996 alignright\" src=\"https:\/\/www.paulroubier.com\/wp-content\/uploads\/2022\/05\/Salle-300x208.jpg\" alt=\"\" width=\"300\" height=\"208\" srcset=\"https:\/\/www.paulroubier.com\/wp-content\/uploads\/2022\/05\/Salle-300x208.jpg 300w, https:\/\/www.paulroubier.com\/wp-content\/uploads\/2022\/05\/Salle-700x485.jpg 700w, https:\/\/www.paulroubier.com\/wp-content\/uploads\/2022\/05\/Salle.jpg 730w\" sizes=\"auto, (max-width: 300px) 100vw, 300px\" \/><\/p>\n<p>&nbsp;<\/p>\n<p>Le Centre propose des prestations de formation permanente sur les diff\u00e9rentes composantes de la propri\u00e9t\u00e9 industrielle et sur les questions associ\u00e9es : brevets, marques, dessins et mod\u00e8les, secrets, droit du num\u00e9rique et des nouvelles technologies.<\/p>\n<p>L&#8217;enseignement est destin\u00e9 \u00e0 permettre l&#8217;acquisition ou le perfectionnement des connaissances dans ces domaines n\u00e9cessaires\u00a0\u00e0 l&#8217;activit\u00e9 ou aux projets professionnels des stagiaires, relevant de la protection juridique de l&#8217;innovation. Les comp\u00e9tences vis\u00e9es par les formations du cycle brevet sont plus pr\u00e9cis\u00e9ment d\u00e9crites pour chaque module, dans notre <a href=\"https:\/\/www.paulroubier.com\/wp-content\/uploads\/2025\/12\/Formations-cycle-brevet-CPR-2026.pdf\">catalogue<\/a> et sur la page d\u00e9di\u00e9e au <a href=\"https:\/\/www.paulroubier.com\/index.php\/formations\/\">cycle brevet<\/a>.[\/vc_column_text][vc_separator type=&#8221;small&#8221; position=&#8221;left&#8221; color=&#8221;#b71e07&#8243; up=&#8221;33&#8243; down=&#8221;33&#8243;][vc_column_text]<\/p>\n<h3>Public concern\u00e9<\/h3>\n<p>&nbsp;<\/p>\n<h5>Cycle Brevet (formations):<\/h5>\n<ul>\n<li>Ing\u00e9nieurs et techniciens des services de propri\u00e9t\u00e9 industrielle d&#8217;entreprises, de cabinets de conseils en propri\u00e9t\u00e9 industrielle et d&#8217;Offices de propri\u00e9t\u00e9 industrielle ;<\/li>\n<li>Juristes et assistants juridiques de services de propri\u00e9t\u00e9 industrielle d&#8217;entreprises, de cabinets de conseils en propri\u00e9t\u00e9 industrielle, d&#8217;avocats, d&#8217;Offices de propri\u00e9t\u00e9 industrielle ;<\/li>\n<li>Personnels des administrations (magistrature, douanes, police\u2026) et des services d&#8217;entreprises engag\u00e9s dans des actions de protection ou de valorisation de l&#8217;innovation ;<\/li>\n<li>Conseils en strat\u00e9gie d&#8217;entreprises innovantes.<\/li>\n<\/ul>\n<h5>Conf\u00e9rences d&#8217;actualisation et de perfectionnement:<\/h5>\n<ul>\n<li>Juristes d&#8217;entreprises, conseils en propri\u00e9t\u00e9 industrielle, avocats sp\u00e9cialis\u00e9s dans la protection de l&#8217;innovation ou en cours de sp\u00e9cialisation.<\/li>\n<\/ul>\n<p>[\/vc_column_text][vc_separator type=&#8221;small&#8221; position=&#8221;left&#8221; color=&#8221;#b71e07&#8243; up=&#8221;33&#8243; down=&#8221;33&#8243;][vc_column_text]<\/p>\n<h3>La p\u00e9dagogie<\/h3>\n<p>&nbsp;<\/p>\n<p>Le cycle brevet comporte 6 modules de 2 journ\u00e9es destin\u00e9es \u00e0 fournir un enseignement pratique du droit des brevets et des questions associ\u00e9es.<\/p>\n<p>Les diff\u00e9rents modules comportent des expos\u00e9s, analyses de cas pratiques, \u00e9changes d\u2019exp\u00e9riences.<\/p>\n<p>Les modalit\u00e9s et moyens p\u00e9dagogiques, ainsi que les techniques d&#8217;accompagnement mis en oeuvre sont d\u00e9crits dans notre <a href=\"https:\/\/www.paulroubier.com\/wp-content\/uploads\/2022\/05\/CPR-Charte-des-formations.pdf\">Charte des Formations<\/a>.[\/vc_column_text][vc_separator type=&#8221;small&#8221; position=&#8221;left&#8221; color=&#8221;#b71e07&#8243; up=&#8221;33&#8243; down=&#8221;33&#8243;][vc_column_text]<\/p>\n<h3>Les pr\u00e9requis<\/h3>\n<p>&nbsp;<\/p>\n<p>De mani\u00e8re g\u00e9n\u00e9rale, les participants aux formations devront avoir une connaissance technique ou juridique en lien avec l&#8217;innovation. Une formation d&#8217;ing\u00e9nieur ou de juriste satisfait \u00e0 ce pr\u00e9requis. Pour les modules 2 \u00e0 6 du Cycle brevet, il est n\u00e9cessaire d&#8217;avoir suivi la formation \u00ab Les voies de protection de l\u2019invention \u00bb ou d\u2019avoir les connaissances \u00e9quivalentes. Voir les d\u00e9tails sur notre <a href=\"https:\/\/www.paulroubier.com\/wp-content\/uploads\/2025\/12\/Formations-cycle-brevet-CPR-2026.pdf\">catalogue<\/a>.[\/vc_column_text][vc_separator type=&#8221;small&#8221; position=&#8221;left&#8221; color=&#8221;#b71e07&#8243; up=&#8221;33&#8243; down=&#8221;33&#8243;][vc_column_text]<\/p>\n<h3>Intervenants<\/h3>\n<p>&nbsp;<\/p>\n<p>Pour chaque module de formation, les animateurs sont choisis en fonction de leurs comp\u00e9tences dans les domaines vis\u00e9s.<\/p>\n<p>Ils sont Professeurs d&#8217;universit\u00e9, membres d&#8217;un Office de propri\u00e9t\u00e9 industrielle, Conseils en propri\u00e9t\u00e9 industrielle, Avocats sp\u00e9cialis\u00e9s en propri\u00e9t\u00e9 industrielle, sp\u00e9cialistes de la propri\u00e9t\u00e9 industrielle en entreprise ou experts en propri\u00e9t\u00e9 industrielle.[\/vc_column_text][vc_empty_space][\/vc_column][\/vc_row][vc_row css_animation=&#8221;&#8221; row_type=&#8221;row&#8221; use_row_as_full_screen_section=&#8221;no&#8221; type=&#8221;full_width&#8221; angled_section=&#8221;no&#8221; text_align=&#8221;left&#8221; background_image_as_pattern=&#8221;without_pattern&#8221;][vc_column][vc_empty_space][\/vc_column][\/vc_row]<\/p>\n","protected":false},"excerpt":{"rendered":"<p>[vc_row css_animation=&#8221;&#8221; row_type=&#8221;row&#8221; use_row_as_full_screen_section=&#8221;no&#8221; type=&#8221;full_width&#8221; angled_section=&#8221;no&#8221; text_align=&#8221;left&#8221; background_image_as_pattern=&#8221;without_pattern&#8221; z_index=&#8221;&#8221; padding_top=&#8221;30&#8243;][vc_column][vc_column_text] Objectifs des formations &nbsp; Le Centre propose des prestations de formation permanente sur les diff\u00e9rentes composantes de la propri\u00e9t\u00e9 industrielle et sur les questions associ\u00e9es : brevets, marques, dessins et mod\u00e8les, secrets, droit du num\u00e9rique&#8230;<\/p>\n","protected":false},"author":1,"featured_media":0,"parent":0,"menu_order":0,"comment_status":"closed","ping_status":"closed","template":"","meta":{"footnotes":""},"class_list":["post-15922","page","type-page","status-publish","hentry"],"_links":{"self":[{"href":"https:\/\/www.paulroubier.com\/index.php\/wp-json\/wp\/v2\/pages\/15922","targetHints":{"allow":["GET"]}}],"collection":[{"href":"https:\/\/www.paulroubier.com\/index.php\/wp-json\/wp\/v2\/pages"}],"about":[{"href":"https:\/\/www.paulroubier.com\/index.php\/wp-json\/wp\/v2\/types\/page"}],"author":[{"embeddable":true,"href":"https:\/\/www.paulroubier.com\/index.php\/wp-json\/wp\/v2\/users\/1"}],"replies":[{"embeddable":true,"href":"https:\/\/www.paulroubier.com\/index.php\/wp-json\/wp\/v2\/comments?post=15922"}],"version-history":[{"count":30,"href":"https:\/\/www.paulroubier.com\/index.php\/wp-json\/wp\/v2\/pages\/15922\/revisions"}],"predecessor-version":[{"id":17249,"href":"https:\/\/www.paulroubier.com\/index.php\/wp-json\/wp\/v2\/pages\/15922\/revisions\/17249"}],"wp:attachment":[{"href":"https:\/\/www.paulroubier.com\/index.php\/wp-json\/wp\/v2\/media?parent=15922"}],"curies":[{"name":"wp","href":"https:\/\/api.w.org\/{rel}","templated":true}]}}