{"id":14869,"date":"2014-05-20T07:51:11","date_gmt":"2014-05-20T07:51:11","guid":{"rendered":"http:\/\/demo.qodeinteractive.com\/bridge46\/?page_id=14869"},"modified":"2025-12-02T09:06:54","modified_gmt":"2025-12-02T08:06:54","slug":"home","status":"publish","type":"page","link":"https:\/\/www.paulroubier.com\/","title":{"rendered":"Home"},"content":{"rendered":"<p>[vc_row css_animation=&#8221;&#8221; row_type=&#8221;row&#8221; use_row_as_full_screen_section=&#8221;no&#8221; type=&#8221;grid&#8221; angled_section=&#8221;no&#8221; text_align=&#8221;left&#8221; background_image_as_pattern=&#8221;without_pattern&#8221; padding_top=&#8221;102&#8243; padding_bottom=&#8221;0&#8243; el_class=&#8221;icon_border&#8221;][vc_column][vc_column_text]<\/p>\n<h3 style=\"text-align: center;\">Bienvenue au Centre Paul Roubier<\/h3>\n<p>[\/vc_column_text][vc_separator type=&#8221;small&#8221; position=&#8221;center&#8221; up=&#8221;33&#8243; down=&#8221;58&#8243;][vc_row_inner row_type=&#8221;row&#8221; type=&#8221;full_width&#8221; text_align=&#8221;left&#8221; css_animation=&#8221;&#8221;][vc_column_inner width=&#8221;1\/3&#8243;][vc_single_image image=&#8221;16124&#8243; img_size=&#8221;full&#8221; qode_css_animation=&#8221;&#8221;][vc_separator type=&#8221;transparent&#8221; up=&#8221;23&#8243; down=&#8221;0&#8243;][vc_column_text]<\/p>\n<h5>Nos formations et conf\u00e9rences<\/h5>\n<p>[\/vc_column_text][vc_separator type=&#8221;small&#8221; position=&#8221;left&#8221; width=&#8221;30&#8243; up=&#8221;24&#8243; down=&#8221;22&#8243;][vc_column_text]Le traditionnel <a href=\"https:\/\/www.paulroubier.com\/index.php\/formations\/#2019\">Cycle brevet<\/a> modernis\u00e9 (financement, concurrence, R&amp;D, droits \u00e9trangers&#8230;), un <a href=\"https:\/\/www.paulroubier.com\/wp-content\/uploads\/2024\/01\/Centre-Paul-Roubier-catalogue-entreprises-2024.pdf\">Catalogue entreprises<\/a> (formation ad hoc) et des <a href=\"https:\/\/www.paulroubier.com\/index.php\/conferences\/\">Conf\u00e9rences d&#8217;actualisation ou de perfectionnement<\/a>\u00a0(protection des donn\u00e9es, proc\u00e9dures, contrats, secrets, brevets, dessins et mod\u00e8les, droit des marques&#8230;).[\/vc_column_text][vc_separator type=&#8221;transparent&#8221; up=&#8221;20&#8243; down=&#8221;0&#8243;]<a  itemprop=\"url\" href=\"https:\/\/www.paulroubier.com\/wp-content\/uploads\/2025\/12\/Formations-cycle-brevet-CPR-2026.pdf\" target=\"_self\"  class=\"qbutton  default\" style=\"\">Catalogue cycle brevet 2026<\/a>[vc_separator type=&#8221;transparent&#8221; up=&#8221;20&#8243; down=&#8221;0&#8243;]<a  itemprop=\"url\" href=\"https:\/\/www.paulroubier.com\/wp-content\/uploads\/2024\/03\/Centre-Paul-Roubier-catalogue-entreprises-2024.pdf\" target=\"_self\"  class=\"qbutton  default\" style=\"\">Catalogue entreprises (ad hoc)<\/a>[vc_separator type=&#8221;transparent&#8221; up=&#8221;20&#8243; down=&#8221;0&#8243;]<div class=\"custom_font_holder\" style=\"font-family: Lora; font-size: 14px; line-height: 18px; font-style: italic; font-weight: 400; color: #9b825e; text-decoration: none; letter-spacing: 0px; text-align: left;\"><a href=\"https:\/\/www.paulroubier.com\/index.php\/formations\/\">En savoir +<\/a><\/div>[\/vc_column_inner][vc_column_inner width=&#8221;1\/3&#8243;][vc_single_image image=&#8221;16125&#8243; img_size=&#8221;full&#8221; qode_css_animation=&#8221;&#8221;][vc_separator type=&#8221;transparent&#8221; up=&#8221;23&#8243; down=&#8221;0&#8243;][vc_column_text]<\/p>\n<h5>Notre equipe<\/h5>\n<p>[\/vc_column_text][vc_separator type=&#8221;small&#8221; position=&#8221;left&#8221; width=&#8221;30&#8243; up=&#8221;24&#8243; down=&#8221;22&#8243;][vc_column_text]Une \u00e9quipe d\u2019intervenants de renom: Universitaires, Conseils en propri\u00e9t\u00e9 industrielle, Avocats, Juristes d&#8217;entreprise.[\/vc_column_text][vc_separator type=&#8221;transparent&#8221; up=&#8221;20&#8243; down=&#8221;0&#8243;]<div class=\"custom_font_holder\" style=\"font-family: Lora; font-size: 14px; line-height: 18px; font-style: italic; font-weight: 400; color: #9b825e; text-decoration: none; letter-spacing: 0px; text-align: left;\"><a href=\"#\">En savoir +<\/a><\/div>[\/vc_column_inner][vc_column_inner width=&#8221;1\/3&#8243;][vc_single_image image=&#8221;16145&#8243; img_size=&#8221;full&#8221; qode_css_animation=&#8221;&#8221;][vc_separator type=&#8221;transparent&#8221; up=&#8221;23&#8243; down=&#8221;0&#8243;][vc_column_text]<\/p>\n<h5>Notre histoire<\/h5>\n<p>[\/vc_column_text][vc_separator type=&#8221;small&#8221; position=&#8221;left&#8221; width=&#8221;30&#8243; up=&#8221;24&#8243; down=&#8221;22&#8243;][vc_column_text]Un centre de r\u00e9f\u00e9rence depuis plus de 50 ans, cr\u00e9ation conjointe de l&#8217;Universit\u00e9 Jean Moulin Lyon 3 et de la Chambre de commerce de Lyon.[\/vc_column_text][vc_separator type=&#8221;transparent&#8221; up=&#8221;20&#8243; down=&#8221;0&#8243;]<div class=\"custom_font_holder\" style=\"font-family: Lora; font-size: 14px; line-height: 18px; font-style: italic; font-weight: 400; color: #9b825e; text-decoration: none; letter-spacing: 0px; text-align: left;\"><a href=\"https:\/\/www.paulroubier.com\/index.php\/histoire\/\">En savoir +<\/a><\/div>[\/vc_column_inner][\/vc_row_inner][\/vc_column][\/vc_row][vc_row row_type=&#8221;parallax&#8221; parallax_content_width=&#8221;in_grid&#8221; text_align=&#8221;left&#8221; full_screen_section_height=&#8221;no&#8221; section_height=&#8221;420&#8243;][vc_column][vc_separator type=&#8221;transparent&#8221; up=&#8221;87&#8243; down=&#8221;0&#8243;][vc_row_inner row_type=&#8221;row&#8221; type=&#8221;full_width&#8221; text_align=&#8221;center&#8221; css_animation=&#8221;&#8221;][vc_column_inner width=&#8221;1\/4&#8243;]<div class=\"q_counter_holder  center\" style=\"\" data-digit=\"55\"><span class=\"counter  zero\" style=\"color: #494949;font-size: 55px;font-weight: 700;\">55<\/span><\/div>[vc_separator type=&#8221;small&#8221; position=&#8221;center&#8221; up=&#8221;1&#8243; down=&#8221;25&#8243;][vc_column_text]<\/p>\n<h5 style=\"text-align: center;\">ans d\u2019existence<\/h5>\n<p>[\/vc_column_text][vc_separator type=&#8221;transparent&#8221; up=&#8221;18&#8243; down=&#8221;0&#8243;][vc_separator type=&#8221;transparent&#8221; up=&#8221;55&#8243; down=&#8221;0&#8243;][\/vc_column_inner][vc_column_inner width=&#8221;1\/4&#8243;]<div class=\"q_counter_holder  center\" style=\"\" data-digit=\"900\"><span class=\"counter  zero\" style=\"color: #000000;font-size: 55px;font-weight: 700;\">900<\/span><\/div>[vc_separator type=&#8221;small&#8221; position=&#8221;center&#8221; up=&#8221;1&#8243; down=&#8221;25&#8243;][vc_column_text]<\/p>\n<h5 style=\"text-align: center;\">+ stagiaires form\u00e9s depuis l&#8217;origine (1970-2025)<\/h5>\n<p>[\/vc_column_text][vc_separator type=&#8221;transparent&#8221; up=&#8221;18&#8243; down=&#8221;0&#8243;][vc_separator type=&#8221;transparent&#8221; up=&#8221;50&#8243; down=&#8221;0&#8243;][\/vc_column_inner][vc_column_inner width=&#8221;1\/4&#8243;]<div class=\"q_counter_holder  center\" style=\"\" data-digit=\"20\"><span class=\"counter  zero\" style=\"color: #494949;font-size: 55px;font-weight: 700;\">20<\/span><\/div>[vc_separator type=&#8221;small&#8221; position=&#8221;center&#8221; up=&#8221;1&#8243; down=&#8221;25&#8243;][vc_column_text]<\/p>\n<h5 style=\"text-align: center;\">+ intervenants par an<\/h5>\n<p>[\/vc_column_text][vc_separator type=&#8221;transparent&#8221; up=&#8221;18&#8243; down=&#8221;0&#8243;][vc_separator type=&#8221;transparent&#8221; up=&#8221;50&#8243; down=&#8221;0&#8243;][\/vc_column_inner][vc_column_inner width=&#8221;1\/4&#8243;]<div class=\"q_counter_holder  center\" style=\"\" data-digit=\"15\"><span class=\"counter  zero\" style=\"color: #494949;font-size: 55px;font-weight: 700;\">15<\/span><\/div>[vc_separator type=&#8221;small&#8221; position=&#8221;center&#8221; up=&#8221;1&#8243; down=&#8221;25&#8243;][vc_column_text]<\/p>\n<h5 style=\"text-align: center;\">+ jours de formation ou conf\u00e9rence par an<\/h5>\n<p>[\/vc_column_text][vc_separator type=&#8221;transparent&#8221; up=&#8221;18&#8243; down=&#8221;0&#8243;][vc_separator type=&#8221;transparent&#8221; up=&#8221;50&#8243; down=&#8221;0&#8243;][\/vc_column_inner][\/vc_row_inner][vc_separator type=&#8221;transparent&#8221; up=&#8221;110&#8243; down=&#8221;0&#8243;][\/vc_column][\/vc_row]<\/p>\n","protected":false},"excerpt":{"rendered":"<p>[vc_row css_animation=&#8221;&#8221; row_type=&#8221;row&#8221; use_row_as_full_screen_section=&#8221;no&#8221; type=&#8221;grid&#8221; angled_section=&#8221;no&#8221; text_align=&#8221;left&#8221; background_image_as_pattern=&#8221;without_pattern&#8221; padding_top=&#8221;102&#8243; padding_bottom=&#8221;0&#8243; el_class=&#8221;icon_border&#8221;][vc_column][vc_column_text] Bienvenue au Centre Paul Roubier [\/vc_column_text][vc_separator type=&#8221;small&#8221; position=&#8221;center&#8221; up=&#8221;33&#8243; down=&#8221;58&#8243;][vc_row_inner row_type=&#8221;row&#8221; type=&#8221;full_width&#8221; text_align=&#8221;left&#8221; css_animation=&#8221;&#8221;][vc_column_inner width=&#8221;1\/3&#8243;][vc_single_image image=&#8221;16124&#8243; img_size=&#8221;full&#8221; qode_css_animation=&#8221;&#8221;][vc_separator type=&#8221;transparent&#8221; up=&#8221;23&#8243; down=&#8221;0&#8243;][vc_column_text] Nos formations et conf\u00e9rences [\/vc_column_text][vc_separator type=&#8221;small&#8221; position=&#8221;left&#8221; width=&#8221;30&#8243; up=&#8221;24&#8243; down=&#8221;22&#8243;][vc_column_text]Le traditionnel Cycle brevet&#8230;<\/p>\n","protected":false},"author":1,"featured_media":0,"parent":0,"menu_order":0,"comment_status":"open","ping_status":"open","template":"full_width.php","meta":{"footnotes":""},"class_list":["post-14869","page","type-page","status-publish","hentry"],"_links":{"self":[{"href":"https:\/\/www.paulroubier.com\/index.php\/wp-json\/wp\/v2\/pages\/14869","targetHints":{"allow":["GET"]}}],"collection":[{"href":"https:\/\/www.paulroubier.com\/index.php\/wp-json\/wp\/v2\/pages"}],"about":[{"href":"https:\/\/www.paulroubier.com\/index.php\/wp-json\/wp\/v2\/types\/page"}],"author":[{"embeddable":true,"href":"https:\/\/www.paulroubier.com\/index.php\/wp-json\/wp\/v2\/users\/1"}],"replies":[{"embeddable":true,"href":"https:\/\/www.paulroubier.com\/index.php\/wp-json\/wp\/v2\/comments?post=14869"}],"version-history":[{"count":162,"href":"https:\/\/www.paulroubier.com\/index.php\/wp-json\/wp\/v2\/pages\/14869\/revisions"}],"predecessor-version":[{"id":17229,"href":"https:\/\/www.paulroubier.com\/index.php\/wp-json\/wp\/v2\/pages\/14869\/revisions\/17229"}],"wp:attachment":[{"href":"https:\/\/www.paulroubier.com\/index.php\/wp-json\/wp\/v2\/media?parent=14869"}],"curies":[{"name":"wp","href":"https:\/\/api.w.org\/{rel}","templated":true}]}}