{"id":1452,"date":"2013-10-16T12:05:38","date_gmt":"2013-10-16T12:05:38","guid":{"rendered":"http:\/\/demo.qodeinteractive.com\/bridge46\/?page_id=1452"},"modified":"2022-05-06T16:09:54","modified_gmt":"2022-05-06T14:09:54","slug":"contact","status":"publish","type":"page","link":"https:\/\/www.paulroubier.com\/index.php\/contact\/","title":{"rendered":"Contact"},"content":{"rendered":"<p>[vc_row css_animation=&#8221;&#8221; row_type=&#8221;row&#8221; use_row_as_full_screen_section=&#8221;no&#8221; type=&#8221;full_width&#8221; angled_section=&#8221;no&#8221; text_align=&#8221;left&#8221; background_image_as_pattern=&#8221;without_pattern&#8221; z_index=&#8221;&#8221; padding_top=&#8221;30&#8243;][vc_column width=&#8221;1\/2&#8243;][vc_column_text]<\/p>\n<h3>Nos coordonn\u00e9es<\/h3>\n<p>[\/vc_column_text][vc_separator type=&#8221;transparent&#8221; up=&#8221;6&#8243; down=&#8221;6&#8243;][vc_column_text]CENTRE PAUL ROUBIER<\/p>\n<p>04 78 33 07 08<\/p>\n<p>info@paulroubier.com[\/vc_column_text][vc_separator type=&#8221;transparent&#8221; up=&#8221;6&#8243; down=&#8221;6&#8243;][vc_gmaps link=&#8221;#E-8_JTNDaWZyYW1lJTIwc3JjJTNEJTIyaHR0cHMlM0ElMkYlMkZ3d3cuZ29vZ2xlLmNvbSUyRm1hcHMlMkZlbWJlZCUzRnBiJTNEJTIxMW0xOCUyMTFtMTIlMjExbTMlMjExZDU1NjYuMzk4MDEyMjk2ODUzJTIxMmQ0LjgzMTM4NjE3MzI5MDM0JTIxM2Q0NS43NjcyMDE4NTQxODgyMTUlMjEybTMlMjExZjAlMjEyZjAlMjEzZjAlMjEzbTIlMjExaTEwMjQlMjEyaTc2OCUyMTRmMTMuMSUyMTNtMyUyMTFtMiUyMTFzMHg0N2Y0ZWFmODk2YjFkYjYxJTI1M0EweDgxY2Y5MWU0ZjViMjlhNWYlMjEyczMlMjUyMFBsLiUyNTIwZGUlMjUyMGxhJTI1MjBCb3Vyc2UlMjUyQyUyNTIwNjkwMDIlMjUyMEx5b24lMjE1ZTAlMjEzbTIlMjExc2VuJTIxMnNmciUyMTR2MTY0MjMyODA3MTc5OSUyMTVtMiUyMTFzZW4lMjEyc2ZyJTIyJTIwd2lkdGglM0QlMjI2MDAlMjIlMjBoZWlnaHQlM0QlMjI0NTAlMjIlMjBzdHlsZSUzRCUyMmJvcmRlciUzQTAlM0IlMjIlMjBhbGxvd2Z1bGxzY3JlZW4lM0QlMjIlMjIlMjBsb2FkaW5nJTNEJTIybGF6eSUyMiUzRSUzQyUyRmlmcmFtZSUzRQ==&#8221;][\/vc_column][vc_column width=&#8221;1\/2&#8243;][vc_column_text]<\/p>\n<h5>Pour toute demande de renseignements, contactez Florence BOUVIER par t\u00e9l\u00e9phone : 04 78 33 07 08 ou par mail : info@paulroubier.com. Vous pouvez \u00e9galement remplir le formulaire de contact ci-dessous :<\/h5>\n<p>[\/vc_column_text][vc_column_text]\n<div class=\"wpcf7 no-js\" id=\"wpcf7-f16318-o1\" lang=\"en-US\" dir=\"ltr\" data-wpcf7-id=\"16318\">\n<div class=\"screen-reader-response\"><p role=\"status\" aria-live=\"polite\" aria-atomic=\"true\"><\/p> <ul><\/ul><\/div>\n<form action=\"\/index.php\/wp-json\/wp\/v2\/pages\/1452#wpcf7-f16318-o1\" method=\"post\" class=\"wpcf7-form init\" aria-label=\"Contact form\" novalidate=\"novalidate\" data-status=\"init\">\n<fieldset class=\"hidden-fields-container\"><input type=\"hidden\" name=\"_wpcf7\" value=\"16318\" \/><input type=\"hidden\" name=\"_wpcf7_version\" value=\"6.1.4\" \/><input type=\"hidden\" name=\"_wpcf7_locale\" value=\"en_US\" \/><input type=\"hidden\" name=\"_wpcf7_unit_tag\" value=\"wpcf7-f16318-o1\" \/><input type=\"hidden\" name=\"_wpcf7_container_post\" value=\"0\" \/><input type=\"hidden\" name=\"_wpcf7_posted_data_hash\" value=\"\" \/>\n<\/fieldset>\n<p><label> Nom (required)<br \/>\n<span class=\"wpcf7-form-control-wrap\" data-name=\"your-name\"><input size=\"40\" maxlength=\"400\" class=\"wpcf7-form-control wpcf7-text wpcf7-validates-as-required\" aria-required=\"true\" aria-invalid=\"false\" value=\"\" type=\"text\" name=\"your-name\" \/><\/span> <\/label>\n<\/p>\n<p><label> Pr\u00e9nom (required)<br \/>\n<span class=\"wpcf7-form-control-wrap\" data-name=\"prenoml\"><input size=\"40\" maxlength=\"400\" class=\"wpcf7-form-control wpcf7-text wpcf7-validates-as-required\" aria-required=\"true\" aria-invalid=\"false\" value=\"\" type=\"text\" name=\"prenoml\" \/><\/span> <\/label>\n<\/p>\n<p><label> E-mail (required)<br \/>\n<span class=\"wpcf7-form-control-wrap\" data-name=\"email-219\"><input size=\"40\" maxlength=\"400\" class=\"wpcf7-form-control wpcf7-email wpcf7-validates-as-required wpcf7-text wpcf7-validates-as-email\" aria-required=\"true\" aria-invalid=\"false\" value=\"\" type=\"email\" name=\"email-219\" \/><\/span><\/label>\n<\/p>\n<p><label> Sujet<br \/>\n<span class=\"wpcf7-form-control-wrap\" data-name=\"your-subject\"><input size=\"40\" maxlength=\"400\" class=\"wpcf7-form-control wpcf7-text\" aria-invalid=\"false\" value=\"\" type=\"text\" name=\"your-subject\" \/><\/span> <\/label>\n<\/p>\n<p><label> Message<br \/>\n<span class=\"wpcf7-form-control-wrap\" data-name=\"your-message\"><textarea cols=\"40\" rows=\"10\" maxlength=\"2000\" class=\"wpcf7-form-control wpcf7-textarea\" aria-invalid=\"false\" name=\"your-message\"><\/textarea><\/span> <\/label>\n<\/p>\n<p><span class=\"wpcf7-form-control-wrap\" data-name=\"checkbox-50\"><span class=\"wpcf7-form-control wpcf7-checkbox wpcf7-validates-as-required\"><span class=\"wpcf7-list-item first last\"><input type=\"checkbox\" name=\"checkbox-50[]\" value=\"Les informations qui vous concernent sont destin\u00e9es au Centre Paul Roubier. Le Centre Paul Roubier collecte des donn\u00e9es concernant ses clients et stagiaires \u00e0 des fins exclusives de gestion de la relation commerciale, gestion et suivi de la facturation de la formation, gestion des inscriptions aux formations, gestion de prise en charge de la formation, gestion des sessions de formation, de suivi des stagiaires, d\u2019accompagnement personnalis\u00e9 et de d\u00e9livrance des documents justificatifs li\u00e9s \u00e0 la formation. Conform\u00e9ment au R\u00e8glement G\u00e9n\u00e9ral sur la Protection des Donn\u00e9es Personnelles (RGPD), vous disposez d\u2019un droit d\u2019acc\u00e8s, de modification, de rectification et de suppression des donn\u00e9es qui vous concernent. Pour l\u2019exercer, adressez vous au Centre Paul Roubier \u2013 20 rue de la Bourse (adresse postale) \u2013 69002 Lyon.\" \/><span class=\"wpcf7-list-item-label\">Les informations qui vous concernent sont destin\u00e9es au Centre Paul Roubier. Le Centre Paul Roubier collecte des donn\u00e9es concernant ses clients et stagiaires \u00e0 des fins exclusives de gestion de la relation commerciale, gestion et suivi de la facturation de la formation, gestion des inscriptions aux formations, gestion de prise en charge de la formation, gestion des sessions de formation, de suivi des stagiaires, d\u2019accompagnement personnalis\u00e9 et de d\u00e9livrance des documents justificatifs li\u00e9s \u00e0 la formation. Conform\u00e9ment au R\u00e8glement G\u00e9n\u00e9ral sur la Protection des Donn\u00e9es Personnelles (RGPD), vous disposez d\u2019un droit d\u2019acc\u00e8s, de modification, de rectification et de suppression des donn\u00e9es qui vous concernent. Pour l\u2019exercer, adressez vous au Centre Paul Roubier \u2013 20 rue de la Bourse (adresse postale) \u2013 69002 Lyon.<\/span><\/span><\/span><\/span>\n<\/p>\n<p><input class=\"wpcf7-form-control wpcf7-submit has-spinner\" type=\"submit\" value=\"Envoyer\" \/>\n<\/p><div class=\"wpcf7-response-output\" aria-hidden=\"true\"><\/div>\n<\/form>\n<\/div>\n[\/vc_column_text][\/vc_column][\/vc_row][vc_row css_animation=&#8221;&#8221; row_type=&#8221;row&#8221; use_row_as_full_screen_section=&#8221;no&#8221; type=&#8221;full_width&#8221; angled_section=&#8221;no&#8221; text_align=&#8221;left&#8221; background_image_as_pattern=&#8221;without_pattern&#8221;][vc_column][vc_empty_space][\/vc_column][\/vc_row]<\/p>\n","protected":false},"excerpt":{"rendered":"<p>[vc_row css_animation=&#8221;&#8221; row_type=&#8221;row&#8221; use_row_as_full_screen_section=&#8221;no&#8221; type=&#8221;full_width&#8221; angled_section=&#8221;no&#8221; text_align=&#8221;left&#8221; background_image_as_pattern=&#8221;without_pattern&#8221; z_index=&#8221;&#8221; padding_top=&#8221;30&#8243;][vc_column width=&#8221;1\/2&#8243;][vc_column_text] Nos coordonn\u00e9es [\/vc_column_text][vc_separator type=&#8221;transparent&#8221; up=&#8221;6&#8243; down=&#8221;6&#8243;][vc_column_text]CENTRE PAUL ROUBIER 04 78 33 07 08 info@paulroubier.com[\/vc_column_text][vc_separator type=&#8221;transparent&#8221; up=&#8221;6&#8243; down=&#8221;6&#8243;][vc_gmaps link=&#8221;#E-8_JTNDaWZyYW1lJTIwc3JjJTNEJTIyaHR0cHMlM0ElMkYlMkZ3d3cuZ29vZ2xlLmNvbSUyRm1hcHMlMkZlbWJlZCUzRnBiJTNEJTIxMW0xOCUyMTFtMTIlMjExbTMlMjExZDU1NjYuMzk4MDEyMjk2ODUzJTIxMmQ0LjgzMTM4NjE3MzI5MDM0JTIxM2Q0NS43NjcyMDE4NTQxODgyMTUlMjEybTMlMjExZjAlMjEyZjAlMjEzZjAlMjEzbTIlMjExaTEwMjQlMjEyaTc2OCUyMTRmMTMuMSUyMTNtMyUyMTFtMiUyMTFzMHg0N2Y0ZWFmODk2YjFkYjYxJTI1M0EweDgxY2Y5MWU0ZjViMjlhNWYlMjEyczMlMjUyMFBsLiUyNTIwZGUlMjUyMGxhJTI1MjBCb3Vyc2UlMjUyQyUyNTIwNjkwMDIlMjUyMEx5b24lMjE1ZTAlMjEzbTIlMjExc2VuJTIxMnNmciUyMTR2MTY0MjMyODA3MTc5OSUyMTVtMiUyMTFzZW4lMjEyc2ZyJTIyJTIwd2lkdGglM0QlMjI2MDAlMjIlMjBoZWlnaHQlM0QlMjI0NTAlMjIlMjBzdHlsZSUzRCUyMmJvcmRlciUzQTAlM0IlMjIlMjBhbGxvd2Z1bGxzY3JlZW4lM0QlMjIlMjIlMjBsb2FkaW5nJTNEJTIybGF6eSUyMiUzRSUzQyUyRmlmcmFtZSUzRQ==&#8221;][\/vc_column][vc_column width=&#8221;1\/2&#8243;][vc_column_text] Pour toute demande de renseignements, contactez Florence BOUVIER par t\u00e9l\u00e9phone : 04 78 33 07&#8230;<\/p>\n","protected":false},"author":1,"featured_media":0,"parent":0,"menu_order":0,"comment_status":"open","ping_status":"open","template":"","meta":{"footnotes":""},"class_list":["post-1452","page","type-page","status-publish","hentry"],"_links":{"self":[{"href":"https:\/\/www.paulroubier.com\/index.php\/wp-json\/wp\/v2\/pages\/1452","targetHints":{"allow":["GET"]}}],"collection":[{"href":"https:\/\/www.paulroubier.com\/index.php\/wp-json\/wp\/v2\/pages"}],"about":[{"href":"https:\/\/www.paulroubier.com\/index.php\/wp-json\/wp\/v2\/types\/page"}],"author":[{"embeddable":true,"href":"https:\/\/www.paulroubier.com\/index.php\/wp-json\/wp\/v2\/users\/1"}],"replies":[{"embeddable":true,"href":"https:\/\/www.paulroubier.com\/index.php\/wp-json\/wp\/v2\/comments?post=1452"}],"version-history":[{"count":12,"href":"https:\/\/www.paulroubier.com\/index.php\/wp-json\/wp\/v2\/pages\/1452\/revisions"}],"predecessor-version":[{"id":16986,"href":"https:\/\/www.paulroubier.com\/index.php\/wp-json\/wp\/v2\/pages\/1452\/revisions\/16986"}],"wp:attachment":[{"href":"https:\/\/www.paulroubier.com\/index.php\/wp-json\/wp\/v2\/media?parent=1452"}],"curies":[{"name":"wp","href":"https:\/\/api.w.org\/{rel}","templated":true}]}}