{"id":13396,"date":"2014-03-24T10:54:51","date_gmt":"2014-03-24T10:54:51","guid":{"rendered":"http:\/\/demo.qodeinteractive.com\/bridge46\/?page_id=13396"},"modified":"2025-12-02T11:34:36","modified_gmt":"2025-12-02T10:34:36","slug":"histoire","status":"publish","type":"page","link":"https:\/\/www.paulroubier.com\/index.php\/histoire\/","title":{"rendered":"Le Centre"},"content":{"rendered":"<p>[vc_row css_animation=&#8221;&#8221; row_type=&#8221;row&#8221; use_row_as_full_screen_section=&#8221;no&#8221; type=&#8221;grid&#8221; angled_section=&#8221;no&#8221; text_align=&#8221;left&#8221; background_image_as_pattern=&#8221;without_pattern&#8221; padding_top=&#8221;102&#8243; padding_bottom=&#8221;0&#8243; el_class=&#8221;icon_border&#8221;][vc_column][vc_column_text]<\/p>\n<h3 style=\"text-align: center;\">Le Centre Paul Roubier<\/h3>\n<p>[\/vc_column_text][vc_separator type=&#8221;small&#8221; position=&#8221;center&#8221; up=&#8221;33&#8243; down=&#8221;58&#8243;][vc_row_inner row_type=&#8221;row&#8221; type=&#8221;full_width&#8221; text_align=&#8221;left&#8221; css_animation=&#8221;&#8221;][vc_column_inner width=&#8221;2\/3&#8243;][vc_column_text]<span class=\"txtGris\">Le Centre Paul Roubier <\/span>(Association pour l&#8217;Enseignement et la Recherche en mati\u00e8re de Propri\u00e9t\u00e9 Industrielle, Litt\u00e9raire et Artistique et de Droit de la Concurrence) est un organisme de recherche et de formation en droit de la propri\u00e9t\u00e9 industrielle. Il\u00a0propose aux entreprises des formations de haut niveau dans les domaines de la propri\u00e9t\u00e9 industrielle et de la protection de l\u2019innovation.<\/p>\n<p>Ces formations consistent dans un cycle brevet annuel, sur 12 journ\u00e9es (\u00e0 la carte), et dans des formations ad hoc sur divers aspects de la protection de l\u2019innovation. Le Centre propose \u00e9galement des journ\u00e9es d\u2019actualisation sur ces sujets. Les formations et journ\u00e9es d\u2019actualisation se tiennent \u00e0 Lyon, dans les locaux de la CCI ou de l\u2019Universit\u00e9 Jean Moulin Lyon III.<\/p>\n<p>Les intervenants du Centre sont des professeurs d\u2019universit\u00e9, conseils en propri\u00e9t\u00e9 industrielle ou responsables de services PI en entreprise, tous reconnus dans leur domaine d\u2019intervention.<\/p>\n<p><span class=\"txtGris\">Constitu\u00e9 sous forme d&#8217;association loi de 1901, le Centre est n\u00e9 en 1970 de la volont\u00e9 commune de <a class=\"aNormal\" href=\"http:\/\/www.univ-lyon3.fr\" target=\"_blank\" rel=\"noopener noreferrer\">l&#8217;Universit\u00e9 Jean Moulin (Lyon III) <\/a>\u00a0et de la <a class=\"aNormal\" href=\"http:\/\/www.lyon.cci.fr\" target=\"_blank\" rel=\"noopener noreferrer\">Chambre de Commerce et d&#8217;Industrie de Lyon<\/a>, <\/span>gr\u00e2ce \u00e0 l&#8217;action conjugu\u00e9e de Monsieur Jacques GOUGENHEIM, alors Vice-Pr\u00e9sident de la Chambre de Commerce et d&#8217;Industrie de Lyon, et du Professeur Albert CHAVANNE, \u00e9minent sp\u00e9cialiste de droit de la propri\u00e9t\u00e9 industrielle.<\/p>\n<p>Il doit son nom au fondateur de la doctrine juridique contemporaine dans ce domaine, le Doyen Paul ROUBIER, qui fut un des ma\u00eetres de la Facult\u00e9 de Droit de Lyon. Le Professeur CHAVANNE, \u00e9l\u00e8ve privil\u00e9gi\u00e9 du Doyen ROUBIER, et premier Directeur du Centre, a eu \u00e0 c\u0153ur avec ses successeurs de maintenir \u00e0 Lyon la pr\u00e9sence d&#8217;une \u00e9cole de propri\u00e9t\u00e9 industrielle.<\/p>\n<p>Le Centre a \u00e9t\u00e9 fond\u00e9 sous le patronage :<\/p>\n<p>&#8211; de l&#8217;Institut National de la Propri\u00e9t\u00e9 Industrielle (INPI) : <a class=\"aNormal\" href=\"http:\/\/www.inpi.fr\" target=\"_blank\" rel=\"noopener noreferrer\">www.inpi.fr<\/a>,<\/p>\n<p>&#8211; de la Compagnie Nationale des Conseils en Propri\u00e9t\u00e9 Industrielle (CNCPI) : <a class=\"aNormal\" href=\"http:\/\/www.cncpi.fr\" target=\"_blank\" rel=\"noopener noreferrer\">www.cncpi.fr<\/a>,<\/p>\n<p>&#8211; du Centre d&#8217;Etudes Internationales de la Propri\u00e9t\u00e9 Industrielle de Strasbourg (CEIPI) : <a class=\"aNormal\" href=\"http:\/\/www.ceipi.edu\" target=\"_blank\" rel=\"noopener noreferrer\">www.ceipi.edu<\/a>,<\/p>\n<p>&#8211; de l&#8217;Agence Nationale de Valorisation de la Recherche (OSEO \/ ANVAR) (d\u00e9sormais Bpifrance): <a class=\"aNormal\" href=\"http:\/\/www.bpifrance.fr\" target=\"_blank\" rel=\"noopener noreferrer\">www.bpifrance.fr<\/a>,<\/p>\n<p>&#8211; et du Groupe Fran\u00e7ais de l&#8217;Association Internationale pour la Protection de la Propri\u00e9t\u00e9 Industrielle (AIPPI) : <a class=\"aNormal\" href=\"http:\/\/www.aippi.org\" target=\"_blank\" rel=\"noopener noreferrer\">www.aippi.org<\/a>.<\/p>\n<p>Il a \u00e9t\u00e9 successivement dirig\u00e9 par les professeurs Albert CHAVANNE, Yves REINHARD, Jacques AZEMA, Edouard TREPPOZ, Cyril NOURISSAT et Pascal KAMINA. Il est actuellement dirig\u00e9 par Monsieur Nicolas BOUCHE, Ma\u00eetre de conf\u00e9rences \u00e0 l&#8217;Universit\u00e9 Jean Moulin Lyon 3, et pr\u00e9sid\u00e9 par M. Jean-Pierre STOULS, repr\u00e9sentant la CCI Lyon M\u00e9tropole Saint-Etienne Roanne.<\/p>\n<p>&nbsp;<\/p>\n<p><img loading=\"lazy\" decoding=\"async\" class=\"alignnone wp-image-16911\" src=\"https:\/\/www.paulroubier.com\/wp-content\/uploads\/2022\/05\/Direction-2010-300x169.jpg\" alt=\"\" width=\"433\" height=\"244\" srcset=\"https:\/\/www.paulroubier.com\/wp-content\/uploads\/2022\/05\/Direction-2010-300x169.jpg 300w, https:\/\/www.paulroubier.com\/wp-content\/uploads\/2022\/05\/Direction-2010.jpg 480w\" sizes=\"auto, (max-width: 433px) 100vw, 433px\" \/><\/p>\n<p>&nbsp;<\/p>\n<p>Deux prestigieux directeurs du Centre : Jacques AZEMA, professeur \u00e9m\u00e9rite de l\u2019universit\u00e9 de Lyon\u2008III, directeur honoraire du centre Paul\u2008Roubier (\u2020 2022), et Yves REINHARD, professeur \u00e0 la Facult\u00e9 de droit de l\u2019universit\u00e9 de Lyon\u2008III et avocat, photographi\u00e9s en 2010.<\/p>\n<p>Le Centre Paul Roubier est certifi\u00e9 Qualiopi pour ses actions de formation (L. 6313-1 1\u00b0). Cliquez <a href=\"https:\/\/certifopac.fr\/qualiopi\/certification\/verification\/?siren=779847839\">ici<\/a> pour consulter le certificat.<\/p>\n<p>&nbsp;<\/p>\n<p><img loading=\"lazy\" decoding=\"async\" class=\"alignnone wp-image-17100\" src=\"https:\/\/www.paulroubier.com\/wp-content\/uploads\/2023\/11\/1-Qualiopi-Certifopac-AFC-1024x534-1-300x156.jpg\" alt=\"\" width=\"344\" height=\"179\" srcset=\"https:\/\/www.paulroubier.com\/wp-content\/uploads\/2023\/11\/1-Qualiopi-Certifopac-AFC-1024x534-1-300x156.jpg 300w, https:\/\/www.paulroubier.com\/wp-content\/uploads\/2023\/11\/1-Qualiopi-Certifopac-AFC-1024x534-1.jpg 512w\" sizes=\"auto, (max-width: 344px) 100vw, 344px\" \/>[\/vc_column_text][\/vc_column_inner][vc_column_inner width=&#8221;1\/3&#8243;][vc_single_image image=&#8221;16843&#8243; img_size=&#8221;full&#8221; qode_css_animation=&#8221;&#8221;][vc_separator type=&#8221;transparent&#8221; up=&#8221;43&#8243; down=&#8221;0&#8243;]<a  itemprop=\"url\" href=\"https:\/\/www.paulroubier.com\/wp-content\/uploads\/2025\/12\/Formations-cycle-brevet-CPR-2026.pdf\" target=\"_self\"  class=\"qbutton  default\" style=\"\">Catalogue Cycle brevet<\/a>[vc_separator type=&#8221;transparent&#8221; up=&#8221;43&#8243; down=&#8221;0&#8243;]<a  itemprop=\"url\" href=\"https:\/\/www.paulroubier.com\/wp-content\/uploads\/2024\/03\/Centre-Paul-Roubier-catalogue-entreprises-2024.pdf\" target=\"_self\"  class=\"qbutton  default\" style=\"\">Catalogue Entreprises<\/a>[\/vc_column_inner][\/vc_row_inner][\/vc_column][\/vc_row][vc_row css_animation=&#8221;&#8221; row_type=&#8221;row&#8221; use_row_as_full_screen_section=&#8221;no&#8221; type=&#8221;grid&#8221; angled_section=&#8221;no&#8221; text_align=&#8221;left&#8221; background_image_as_pattern=&#8221;without_pattern&#8221; padding_top=&#8221;87&#8243; padding_bottom=&#8221;34&#8243;][vc_column][vc_column_text]<\/p>\n<h3 style=\"text-align: center;\">Organigramme<\/h3>\n<p>[\/vc_column_text][vc_separator type=&#8221;small&#8221; position=&#8221;center&#8221; up=&#8221;33&#8243; down=&#8221;45&#8243;][vc_column_text]<strong>Pr\u00e9sidence et direction<\/strong><\/p>\n<p>Le Pr\u00e9sident du Centre et Monsieur Jean-Pierre STOULS<\/p>\n<p>Son Directeur est Monsieur\u00a0 Nicolas BOUCHE<\/p>\n<p><strong>R\u00e9f\u00e9rent administratif<\/strong><\/p>\n<p>Madame Florence BOUVIER, info@paulroubier.com, t\u00e9l 04 78 33 07 08.<\/p>\n<p><strong>R\u00e9f\u00e9rent p\u00e9dagogique<\/strong><\/p>\n<p>Monsieur Nicolas BOUCHE, info@paulroubier.com<\/p>\n<p><strong>R\u00e9f\u00e9rent handicap<\/strong><\/p>\n<p>Monsieur Pascal KAMINA, info@paulroubier.com<\/p>\n<p><strong>Comit\u00e9 scientifique \/ Conseil de perfectionnement<\/strong><\/p>\n<p>Le Conseil d\u2019administration du Centre, compos\u00e9 de repr\u00e9sentants de l\u2019Universit\u00e9, de la Chambre de commerce et d\u2019industrie de Lyon et de praticiens sp\u00e9cialistes en propri\u00e9t\u00e9 industrielle, agit en tant que Comit\u00e9 scientifique et Conseil de perfectionnement. Il se prononce notamment sur les programmes et intervenants propos\u00e9s, et se prononce chaque ann\u00e9e sur le bilan scientifique et p\u00e9dagogique du Centre.[\/vc_column_text][vc_separator type=&#8221;transparent&#8221; up=&#8221;43&#8243; down=&#8221;0&#8243;][vc_row_inner row_type=&#8221;row&#8221; type=&#8221;full_width&#8221; text_align=&#8221;left&#8221; css_animation=&#8221;&#8221;][vc_column_inner width=&#8221;1\/4&#8243;][vc_column_text]<\/p>\n<h4>Direction<\/h4>\n<p>La direction du Centre Paul Roubier est assur\u00e9e par M. Nicolas BOUCHE, avec l\u2019assistance de Mme Florence BOUVIER.[\/vc_column_text][\/vc_column_inner][vc_column_inner width=&#8221;1\/4&#8243;][vc_column_text]<\/p>\n<h4>Repr\u00e9sentants de la chambre de commerce<\/h4>\n<p>M. Jean-Pierre STOULS[\/vc_column_text][\/vc_column_inner][vc_column_inner width=&#8221;1\/4&#8243;][vc_column_text]<\/p>\n<h4>Repr\u00e9sentants de l&#8217;universit\u00e9<\/h4>\n<p>M. Yann BASIRE<br \/>\nM. Nicolas BOUCHE<br \/>\nM. Jean-Christophe GALLOUX<br \/>\nM. Olivier GOUT<br \/>\nM. Pascal KAMINA<br \/>\nM. Cyril NOURRISSAT<br \/>\nM. Edouard TREPPOZ[\/vc_column_text][\/vc_column_inner][vc_column_inner width=&#8221;1\/4&#8243;][vc_column_text]<\/p>\n<h4>Repr\u00e9sentants ext\u00e9rieurs<\/h4>\n<p>Mme G\u00e9raldine ARBANT<br \/>\nM. Thomas BOUVET<br \/>\nM. G\u00e9raldine GUERY-JACQUES[\/vc_column_text][\/vc_column_inner][vc_column_inner][\/vc_column_inner][\/vc_row_inner][\/vc_column][\/vc_row]<\/p>\n","protected":false},"excerpt":{"rendered":"<p>[vc_row css_animation=&#8221;&#8221; row_type=&#8221;row&#8221; use_row_as_full_screen_section=&#8221;no&#8221; type=&#8221;grid&#8221; angled_section=&#8221;no&#8221; text_align=&#8221;left&#8221; background_image_as_pattern=&#8221;without_pattern&#8221; padding_top=&#8221;102&#8243; padding_bottom=&#8221;0&#8243; el_class=&#8221;icon_border&#8221;][vc_column][vc_column_text] Le Centre Paul Roubier [\/vc_column_text][vc_separator type=&#8221;small&#8221; position=&#8221;center&#8221; up=&#8221;33&#8243; down=&#8221;58&#8243;][vc_row_inner row_type=&#8221;row&#8221; type=&#8221;full_width&#8221; text_align=&#8221;left&#8221; css_animation=&#8221;&#8221;][vc_column_inner width=&#8221;2\/3&#8243;][vc_column_text]Le Centre Paul Roubier (Association pour l&#8217;Enseignement et la Recherche en mati\u00e8re de Propri\u00e9t\u00e9 Industrielle, Litt\u00e9raire et Artistique et de Droit&#8230;<\/p>\n","protected":false},"author":1,"featured_media":0,"parent":0,"menu_order":0,"comment_status":"open","ping_status":"open","template":"full_width.php","meta":{"footnotes":""},"class_list":["post-13396","page","type-page","status-publish","hentry"],"_links":{"self":[{"href":"https:\/\/www.paulroubier.com\/index.php\/wp-json\/wp\/v2\/pages\/13396","targetHints":{"allow":["GET"]}}],"collection":[{"href":"https:\/\/www.paulroubier.com\/index.php\/wp-json\/wp\/v2\/pages"}],"about":[{"href":"https:\/\/www.paulroubier.com\/index.php\/wp-json\/wp\/v2\/types\/page"}],"author":[{"embeddable":true,"href":"https:\/\/www.paulroubier.com\/index.php\/wp-json\/wp\/v2\/users\/1"}],"replies":[{"embeddable":true,"href":"https:\/\/www.paulroubier.com\/index.php\/wp-json\/wp\/v2\/comments?post=13396"}],"version-history":[{"count":98,"href":"https:\/\/www.paulroubier.com\/index.php\/wp-json\/wp\/v2\/pages\/13396\/revisions"}],"predecessor-version":[{"id":17252,"href":"https:\/\/www.paulroubier.com\/index.php\/wp-json\/wp\/v2\/pages\/13396\/revisions\/17252"}],"wp:attachment":[{"href":"https:\/\/www.paulroubier.com\/index.php\/wp-json\/wp\/v2\/media?parent=13396"}],"curies":[{"name":"wp","href":"https:\/\/api.w.org\/{rel}","templated":true}]}}